{"id":11,"date":"2013-03-27T18:08:08","date_gmt":"2013-03-27T17:08:08","guid":{"rendered":"http:\/\/campus.univ-lyon1.fr\/siuaps\/?page_id=11"},"modified":"2024-05-28T15:18:02","modified_gmt":"2024-05-28T14:18:02","slug":"lequipe-de-direction","status":"publish","type":"page","link":"http:\/\/siuaps.univ-lyon1.fr\/?page_id=11","title":{"rendered":"L&rsquo;\u00e9quipe de Direction"},"content":{"rendered":"<hr \/>\n<p>Directeur du Service : Alexis CHVETZOFF<\/p>\n<p>Directrice Administrative et financi\u00e8re:\u00a0 Virginie GAREL<\/p>\n<p>Aide au pilotage-gestion financi\u00e8re: Laurence CARLINO<\/p>\n<p>Secr\u00e9tariat &#8211; Planning &#8211; Locations ext\u00e9rieures :\u00a0 Lila ADRAR<\/p>\n<p>Responsable technique de l&rsquo;Atelier et suivi des entreprises : Laurent GELOT<\/p>\n<p>Responsable technique de l&rsquo;\u00e9quipe de nettoyage et de la piscine : Thierry LACHENAL<\/p>\n","protected":false},"excerpt":{"rendered":"<p>Directeur du Service : Alexis CHVETZOFF Directrice Administrative et financi\u00e8re:\u00a0 Virginie GAREL Aide au pilotage-gestion financi\u00e8re: Laurence CARLINO Secr\u00e9tariat &#8211; Planning &#8211; Locations ext\u00e9rieures :\u00a0 Lila ADRAR Responsable technique de l&rsquo;Atelier et suivi des entreprises : Laurent GELOT Responsable technique de l&rsquo;\u00e9quipe de nettoyage et de la piscine : Thierry LACHENAL<\/p>\n","protected":false},"author":65,"featured_media":278,"parent":31,"menu_order":0,"comment_status":"open","ping_status":"open","template":"","meta":[],"_links":{"self":[{"href":"http:\/\/siuaps.univ-lyon1.fr\/index.php?rest_route=\/wp\/v2\/pages\/11"}],"collection":[{"href":"http:\/\/siuaps.univ-lyon1.fr\/index.php?rest_route=\/wp\/v2\/pages"}],"about":[{"href":"http:\/\/siuaps.univ-lyon1.fr\/index.php?rest_route=\/wp\/v2\/types\/page"}],"author":[{"embeddable":true,"href":"http:\/\/siuaps.univ-lyon1.fr\/index.php?rest_route=\/wp\/v2\/users\/65"}],"replies":[{"embeddable":true,"href":"http:\/\/siuaps.univ-lyon1.fr\/index.php?rest_route=%2Fwp%2Fv2%2Fcomments&post=11"}],"version-history":[{"count":3,"href":"http:\/\/siuaps.univ-lyon1.fr\/index.php?rest_route=\/wp\/v2\/pages\/11\/revisions"}],"predecessor-version":[{"id":2287,"href":"http:\/\/siuaps.univ-lyon1.fr\/index.php?rest_route=\/wp\/v2\/pages\/11\/revisions\/2287"}],"up":[{"embeddable":true,"href":"http:\/\/siuaps.univ-lyon1.fr\/index.php?rest_route=\/wp\/v2\/pages\/31"}],"wp:featuredmedia":[{"embeddable":true,"href":"http:\/\/siuaps.univ-lyon1.fr\/index.php?rest_route=\/wp\/v2\/media\/278"}],"wp:attachment":[{"href":"http:\/\/siuaps.univ-lyon1.fr\/index.php?rest_route=%2Fwp%2Fv2%2Fmedia&parent=11"}],"curies":[{"name":"wp","href":"https:\/\/api.w.org\/{rel}","templated":true}]}}