{"id":140,"date":"2013-03-31T00:10:52","date_gmt":"2013-03-30T23:10:52","guid":{"rendered":"http:\/\/campus.univ-lyon1.fr\/siuaps\/?page_id=140"},"modified":"2018-05-22T09:05:45","modified_gmt":"2018-05-22T07:05:45","slug":"gymnase-bas-leon-jouhaux","status":"publish","type":"page","link":"http:\/\/siuaps.univ-lyon1.fr\/?page_id=140","title":{"rendered":"Gymnase Bas L\u00e9on Jouhaux"},"content":{"rendered":"<p>La salle est \u00e9quip\u00e9e de:\u00a0<a href=\"http:\/\/siuaps.univ-lyon1.fr\/files\/2018\/05\/IMG_1196.jpg\"><img decoding=\"async\" loading=\"lazy\" class=\" wp-image-1669 alignright\" src=\"http:\/\/siuaps.univ-lyon1.fr\/files\/2018\/05\/IMG_1196-300x225.jpg\" alt=\"\" width=\"519\" height=\"389\" srcset=\"http:\/\/siuaps.univ-lyon1.fr\/files\/2018\/05\/IMG_1196-300x225.jpg 300w, http:\/\/siuaps.univ-lyon1.fr\/files\/2018\/05\/IMG_1196-768x576.jpg 768w, http:\/\/siuaps.univ-lyon1.fr\/files\/2018\/05\/IMG_1196-1024x768.jpg 1024w\" sizes=\"(max-width: 519px) 100vw, 519px\" \/><\/a><\/p>\n<ul>\n<li>&#8211; Sol en Teraflex<\/li>\n<li>&#8211; 1 terrain de Hand-ball<\/li>\n<li>&#8211; 1 terrain de Basket-ball<\/li>\n<li>&#8211; 3 terrains Volley-ball<\/li>\n<li>&#8211; 1 court Tennis<\/li>\n<li>&#8211; 6 terrains de Badminton<\/li>\n<\/ul>\n<div class=\"mceTemp\"><\/div>\n","protected":false},"excerpt":{"rendered":"<p>La salle est \u00e9quip\u00e9e de:\u00a0 &#8211; Sol en Teraflex &#8211; 1 terrain de Hand-ball &#8211; 1 terrain de Basket-ball &#8211; 3 terrains Volley-ball &#8211; 1 court Tennis &#8211; 6 terrains de Badminton<\/p>\n","protected":false},"author":65,"featured_media":0,"parent":138,"menu_order":0,"comment_status":"closed","ping_status":"open","template":"","meta":[],"_links":{"self":[{"href":"http:\/\/siuaps.univ-lyon1.fr\/index.php?rest_route=\/wp\/v2\/pages\/140"}],"collection":[{"href":"http:\/\/siuaps.univ-lyon1.fr\/index.php?rest_route=\/wp\/v2\/pages"}],"about":[{"href":"http:\/\/siuaps.univ-lyon1.fr\/index.php?rest_route=\/wp\/v2\/types\/page"}],"author":[{"embeddable":true,"href":"http:\/\/siuaps.univ-lyon1.fr\/index.php?rest_route=\/wp\/v2\/users\/65"}],"replies":[{"embeddable":true,"href":"http:\/\/siuaps.univ-lyon1.fr\/index.php?rest_route=%2Fwp%2Fv2%2Fcomments&post=140"}],"version-history":[{"count":0,"href":"http:\/\/siuaps.univ-lyon1.fr\/index.php?rest_route=\/wp\/v2\/pages\/140\/revisions"}],"up":[{"embeddable":true,"href":"http:\/\/siuaps.univ-lyon1.fr\/index.php?rest_route=\/wp\/v2\/pages\/138"}],"wp:attachment":[{"href":"http:\/\/siuaps.univ-lyon1.fr\/index.php?rest_route=%2Fwp%2Fv2%2Fmedia&parent=140"}],"curies":[{"name":"wp","href":"https:\/\/api.w.org\/{rel}","templated":true}]}}