{"id":158,"date":"2013-04-01T20:01:50","date_gmt":"2013-04-01T19:01:50","guid":{"rendered":"http:\/\/campus.univ-lyon1.fr\/siuaps\/?page_id=158"},"modified":"2024-05-28T14:27:20","modified_gmt":"2024-05-28T13:27:20","slug":"basket-ball","status":"publish","type":"page","link":"http:\/\/siuaps.univ-lyon1.fr\/?page_id=158","title":{"rendered":"Basket-Ball"},"content":{"rendered":"<p>Le basket-ball est un sport collectif opposant deux \u00e9quipes de cinq joueurs que se joue \u00e0 la main. Le but est de marquer plus de points que l&rsquo;\u00e9quipe adverse en marquant des paniers, c&rsquo;est \u00e0 dire en faisant passer le ballon \u00e0 travers un anneau plac\u00e9 \u00e0 plusieurs m\u00e8tres du sol (3.05 m\u00e8tres dans les cat\u00e9gories adultes).<\/p>\n<h1><a href=\"http:\/\/siuaps.univ-lyon1.fr\/files\/2018\/06\/Basket.jpg\"><img decoding=\"async\" loading=\"lazy\" class=\" wp-image-2106 alignright\" src=\"http:\/\/siuaps.univ-lyon1.fr\/files\/2018\/06\/Basket.jpg\" alt=\"\" width=\"364\" height=\"364\" srcset=\"http:\/\/siuaps.univ-lyon1.fr\/files\/2018\/06\/Basket.jpg 300w, http:\/\/siuaps.univ-lyon1.fr\/files\/2018\/06\/Basket-150x150.jpg 150w\" sizes=\"(max-width: 364px) 100vw, 364px\" \/><\/a><\/h1>\n<h1>O\u00f9 trouver cette activit\u00e9 ?<\/h1>\n<h5><span style=\"color: #99ccff\">Au Complexe sportif 3D\u00a0<\/span><\/h5>\n<ul>\n<li><a href=\"http:\/\/siuaps.univ-lyon1.fr\/?page_id=136\">Halle des sports 3D<\/a><\/li>\n<\/ul>\n<h5><span style=\"color: #99ccff\">Au Complexe sportif Jacques SAPIN (Staps)<\/span><\/h5>\n<ul>\n<li><a href=\"http:\/\/siuaps.univ-lyon1.fr\/?page_id=68\">Gymnase comp\u00e9tition SAPIN<\/a><\/li>\n<li>\u00a0<a href=\"http:\/\/siuaps.univ-lyon1.fr\/?page_id=79\">Halle des sports SAPIN<\/a><\/li>\n<\/ul>\n<h5><span style=\"color: #99ccff\">Au Complexe sportif L\u00e9on Jouhaux<\/span><\/h5>\n<ul>\n<li><a href=\"http:\/\/siuaps.univ-lyon1.fr\/?page_id=140\">Gymnase Comp\u00e9tition L\u00e9on Jouhaux bas<\/a><\/li>\n<li><a href=\"http:\/\/siuaps.univ-lyon1.fr\/?page_id=142\">\u00a0Gymnase L\u00e9on Jouhaux haut<\/a><\/li>\n<\/ul>\n<h5><span style=\"color: #99ccff\">Au p\u00f4le sportif Richard LISSMANN (Sciences)<\/span><\/h5>\n<ul>\n<li><a href=\"http:\/\/siuaps.univ-lyon1.fr\/?page_id=105\">\u00a0Gymnase B LISSMANN<\/a><\/li>\n<li>\u00a0<a href=\"http:\/\/siuaps.univ-lyon1.fr\/?page_id=103\">Gymnase comp\u00e9tition LAPLANCHE<\/a><\/li>\n<\/ul>\n<h5><span style=\"color: #99ccff\">Au P\u00f4le sportif Robert VANEL<\/span><\/h5>\n<ul>\n<li><a href=\"http:\/\/siuaps.univ-lyon1.fr\/?page_id=120\">Gymnase comp\u00e9tition PIBAROT<\/a><\/li>\n<\/ul>\n<h5><span style=\"color: #99ccff\">Au P\u00f4le sportif Colette BESSON<\/span><\/h5>\n<ul>\n<li><a href=\"http:\/\/siuaps.univ-lyon1.fr\/?page_id=64\">Halle des sports Colette Besson<\/a><\/li>\n<\/ul>\n<h5><span style=\"color: #99ccff\">Au gymnase Alain GILLES (Insa)<\/span><\/h5>\n<ul>\n<li><a href=\"http:\/\/siuaps.univ-lyon1.fr\/?page_id=116\"><span style=\"font-family: Arial, Helvetica, sans-serif;font-size: 13px;font-style: normal;font-weight: 400\">Gymnase B Alain GILLES<\/span><\/a><\/li>\n<li>Ext\u00e9rieurs Alain GILLES<\/li>\n<\/ul>\n<header class=\"entry-header\">\n<h1 class=\"entry-title\"><\/h1>\n<\/header>\n<h1 class=\"entry-header\"><\/h1>\n<div class=\"entry-content\"><\/div>\n<p class=\"entry-header\" style=\"text-align: left\">\n","protected":false},"excerpt":{"rendered":"<p>Le basket-ball est un sport collectif opposant deux \u00e9quipes de cinq joueurs que se joue \u00e0 la main. Le but est de marquer plus de points que l&rsquo;\u00e9quipe adverse en marquant des paniers, c&rsquo;est \u00e0 dire en faisant passer le ballon \u00e0 travers un anneau plac\u00e9 \u00e0 plusieurs m\u00e8tres du sol (3.05 m\u00e8tres dans les [&hellip;]<\/p>\n","protected":false},"author":65,"featured_media":0,"parent":759,"menu_order":0,"comment_status":"closed","ping_status":"open","template":"","meta":[],"_links":{"self":[{"href":"http:\/\/siuaps.univ-lyon1.fr\/index.php?rest_route=\/wp\/v2\/pages\/158"}],"collection":[{"href":"http:\/\/siuaps.univ-lyon1.fr\/index.php?rest_route=\/wp\/v2\/pages"}],"about":[{"href":"http:\/\/siuaps.univ-lyon1.fr\/index.php?rest_route=\/wp\/v2\/types\/page"}],"author":[{"embeddable":true,"href":"http:\/\/siuaps.univ-lyon1.fr\/index.php?rest_route=\/wp\/v2\/users\/65"}],"replies":[{"embeddable":true,"href":"http:\/\/siuaps.univ-lyon1.fr\/index.php?rest_route=%2Fwp%2Fv2%2Fcomments&post=158"}],"version-history":[{"count":1,"href":"http:\/\/siuaps.univ-lyon1.fr\/index.php?rest_route=\/wp\/v2\/pages\/158\/revisions"}],"predecessor-version":[{"id":2246,"href":"http:\/\/siuaps.univ-lyon1.fr\/index.php?rest_route=\/wp\/v2\/pages\/158\/revisions\/2246"}],"up":[{"embeddable":true,"href":"http:\/\/siuaps.univ-lyon1.fr\/index.php?rest_route=\/wp\/v2\/pages\/759"}],"wp:attachment":[{"href":"http:\/\/siuaps.univ-lyon1.fr\/index.php?rest_route=%2Fwp%2Fv2%2Fmedia&parent=158"}],"curies":[{"name":"wp","href":"https:\/\/api.w.org\/{rel}","templated":true}]}}