{"id":160,"date":"2013-04-01T20:02:26","date_gmt":"2013-04-01T19:02:26","guid":{"rendered":"http:\/\/campus.univ-lyon1.fr\/siuaps\/?page_id=160"},"modified":"2024-05-28T14:38:11","modified_gmt":"2024-05-28T13:38:11","slug":"hand-ball","status":"publish","type":"page","link":"http:\/\/siuaps.univ-lyon1.fr\/?page_id=160","title":{"rendered":"Hand-Ball"},"content":{"rendered":"<p>Le hand-ball est un sport collectif o\u00f9 deux \u00e9quipes de sept joueurs s\u2019affrontent avec un ballon sur un terrain rectangulaire de dimension 40 m\u00e8tres par 20 m\u00e8tres, s\u00e9par\u00e9 en deux camps.<\/p>\n<h1><a href=\"http:\/\/siuaps.univ-lyon1.fr\/files\/2018\/06\/hand.png\"><img decoding=\"async\" loading=\"lazy\" class=\" wp-image-2119 alignright\" src=\"http:\/\/siuaps.univ-lyon1.fr\/files\/2018\/06\/hand.png\" alt=\"\" width=\"367\" height=\"367\" srcset=\"http:\/\/siuaps.univ-lyon1.fr\/files\/2018\/06\/hand.png 295w, http:\/\/siuaps.univ-lyon1.fr\/files\/2018\/06\/hand-150x150.png 150w\" sizes=\"(max-width: 367px) 100vw, 367px\" \/><\/a><\/h1>\n<h1>O\u00f9 trouver cette activit\u00e9 ?<\/h1>\n<h5><span style=\"color: #99ccff\">Au Complexe sportif Jacques SAPIN (Staps)<\/span><\/h5>\n<ul>\n<li><a href=\"http:\/\/siuaps.univ-lyon1.fr\/?page_id=68\">\u00a0Gymnase comp\u00e9tition SAPIN<\/a><\/li>\n<\/ul>\n<h5><span style=\"color: #99ccff\">Au P\u00f4le sportif Robert VANEL<\/span><\/h5>\n<ul>\n<li>\u00a0<a href=\"http:\/\/siuaps.univ-lyon1.fr\/?page_id=120\">Gymnase comp\u00e9tition PIBAROT<\/a><\/li>\n<\/ul>\n<h5><span style=\"color: #99ccff\">Au Complexe sportif L\u00e9on Jouhaux<\/span><\/h5>\n<ul>\n<li>\u00a0<a href=\"http:\/\/siuaps.univ-lyon1.fr\/?page_id=140\">Gymnase comp\u00e9tition bas L\u00e9on Jouhaux<\/a><\/li>\n<\/ul>\n<h5><span style=\"color: #99ccff\">Au P\u00f4le sportif Richard LISSMANN (Sciences)<\/span><\/h5>\n<ul>\n<li>\u00a0<a href=\"http:\/\/siuaps.univ-lyon1.fr\/?page_id=103\">Gymnase comp\u00e9tition\u00a0 LAPLANCHE<\/a><\/li>\n<\/ul>\n<h5><span style=\"color: #99ccff\">Au P\u00f4le sportif Colette BESSON<\/span><\/h5>\n<ul>\n<li>\u00a0<a href=\"http:\/\/siuaps.univ-lyon1.fr\/?page_id=64\">Halle des sports Colette Besson<\/a><\/li>\n<\/ul>\n","protected":false},"excerpt":{"rendered":"<p>Le hand-ball est un sport collectif o\u00f9 deux \u00e9quipes de sept joueurs s\u2019affrontent avec un ballon sur un terrain rectangulaire de dimension 40 m\u00e8tres par 20 m\u00e8tres, s\u00e9par\u00e9 en deux camps. O\u00f9 trouver cette activit\u00e9 ? Au Complexe sportif Jacques SAPIN (Staps) \u00a0Gymnase comp\u00e9tition SAPIN Au P\u00f4le sportif Robert VANEL \u00a0Gymnase comp\u00e9tition PIBAROT Au Complexe [&hellip;]<\/p>\n","protected":false},"author":65,"featured_media":0,"parent":759,"menu_order":0,"comment_status":"closed","ping_status":"open","template":"","meta":[],"_links":{"self":[{"href":"http:\/\/siuaps.univ-lyon1.fr\/index.php?rest_route=\/wp\/v2\/pages\/160"}],"collection":[{"href":"http:\/\/siuaps.univ-lyon1.fr\/index.php?rest_route=\/wp\/v2\/pages"}],"about":[{"href":"http:\/\/siuaps.univ-lyon1.fr\/index.php?rest_route=\/wp\/v2\/types\/page"}],"author":[{"embeddable":true,"href":"http:\/\/siuaps.univ-lyon1.fr\/index.php?rest_route=\/wp\/v2\/users\/65"}],"replies":[{"embeddable":true,"href":"http:\/\/siuaps.univ-lyon1.fr\/index.php?rest_route=%2Fwp%2Fv2%2Fcomments&post=160"}],"version-history":[{"count":1,"href":"http:\/\/siuaps.univ-lyon1.fr\/index.php?rest_route=\/wp\/v2\/pages\/160\/revisions"}],"predecessor-version":[{"id":2257,"href":"http:\/\/siuaps.univ-lyon1.fr\/index.php?rest_route=\/wp\/v2\/pages\/160\/revisions\/2257"}],"up":[{"embeddable":true,"href":"http:\/\/siuaps.univ-lyon1.fr\/index.php?rest_route=\/wp\/v2\/pages\/759"}],"wp:attachment":[{"href":"http:\/\/siuaps.univ-lyon1.fr\/index.php?rest_route=%2Fwp%2Fv2%2Fmedia&parent=160"}],"curies":[{"name":"wp","href":"https:\/\/api.w.org\/{rel}","templated":true}]}}