{"id":1611,"date":"2018-05-17T18:19:56","date_gmt":"2018-05-17T16:19:56","guid":{"rendered":"http:\/\/campus.univ-lyon1.fr\/siuaps\/?page_id=1611"},"modified":"2024-05-28T15:21:44","modified_gmt":"2024-05-28T14:21:44","slug":"reserver-ou-plus-dinfos","status":"publish","type":"page","link":"http:\/\/siuaps.univ-lyon1.fr\/?page_id=1611","title":{"rendered":"Pr\u00e9-r\u00e9servation des installations du SIUAPS de Lyon"},"content":{"rendered":"<hr>\n<p>Dans le cas o\u00f9 vous voulez r\u00e9server une ou plusieurs installations, veuillez remplir et envoyer le formulaire ci-dessous.<\/p>\n\n<div class=\"wpcf7 no-js\" id=\"wpcf7-f1605-o1\" lang=\"fr-FR\" dir=\"ltr\">\n<div class=\"screen-reader-response\"><p role=\"status\" aria-live=\"polite\" aria-atomic=\"true\"><\/p> <ul><\/ul><\/div>\n<form action=\"\/index.php?rest_route=%2Fwp%2Fv2%2Fpages%2F1611#wpcf7-f1605-o1\" method=\"post\" class=\"wpcf7-form init\" aria-label=\"Contact form\" novalidate=\"novalidate\" data-status=\"init\">\n<div style=\"display: none;\">\n<input type=\"hidden\" name=\"_wpcf7\" value=\"1605\" \/>\n<input type=\"hidden\" name=\"_wpcf7_version\" value=\"5.8.7\" \/>\n<input type=\"hidden\" name=\"_wpcf7_locale\" value=\"fr_FR\" \/>\n<input type=\"hidden\" name=\"_wpcf7_unit_tag\" value=\"wpcf7-f1605-o1\" \/>\n<input type=\"hidden\" name=\"_wpcf7_container_post\" value=\"0\" \/>\n<input type=\"hidden\" name=\"_wpcf7_posted_data_hash\" value=\"\" \/>\n<\/div>\n<p><label> Nom de votre association ou Club (obligatoire)<br \/>\n<span class=\"wpcf7-form-control-wrap\" data-name=\"your-name\"><input size=\"40\" class=\"wpcf7-form-control wpcf7-text wpcf7-validates-as-required\" aria-required=\"true\" aria-invalid=\"false\" value=\"\" type=\"text\" name=\"your-name\" \/><\/span> <\/label>\n<\/p>\n<p><label> Nom du Pr\u00e9sident ou tr\u00e9sorier de l'association ou club (obligatoire)<br \/>\n<span class=\"wpcf7-form-control-wrap\" data-name=\"president-name\"><input size=\"40\" class=\"wpcf7-form-control wpcf7-text wpcf7-validates-as-required\" aria-required=\"true\" aria-invalid=\"false\" value=\"\" type=\"text\" name=\"president-name\" \/><\/span> <\/label>\n<\/p>\n<p><label> N\u00b0RNA (obligatoire)<br \/>\n<span class=\"wpcf7-form-control-wrap\" data-name=\"rna\"><input size=\"40\" class=\"wpcf7-form-control wpcf7-text wpcf7-validates-as-required\" aria-required=\"true\" aria-invalid=\"false\" value=\"\" type=\"text\" name=\"rna\" \/><\/span> <\/label>\n<\/p>\n<p><label> Adresse postale du si\u00e8ge (obligatoire)<br \/>\n<span class=\"wpcf7-form-control-wrap\" data-name=\"adresse\"><input size=\"40\" class=\"wpcf7-form-control wpcf7-text wpcf7-validates-as-required\" aria-required=\"true\" aria-invalid=\"false\" value=\"\" type=\"text\" name=\"adresse\" \/><\/span> <\/label>\n<\/p>\n<p><label> N\u00b0 t\u00e9l\u00e9phone (obligatoire)<br \/>\n<span class=\"wpcf7-form-control-wrap\" data-name=\"tel-516\"><input size=\"40\" class=\"wpcf7-form-control wpcf7-tel wpcf7-validates-as-required wpcf7-text wpcf7-validates-as-tel\" aria-required=\"true\" aria-invalid=\"false\" value=\"\" type=\"tel\" name=\"tel-516\" \/><\/span> <\/label>\n<\/p>\n<p><label> Votre adresse de messagerie (obligatoire)<br \/>\n<span class=\"wpcf7-form-control-wrap\" data-name=\"your-email\"><input size=\"40\" class=\"wpcf7-form-control wpcf7-email wpcf7-validates-as-required wpcf7-text wpcf7-validates-as-email\" aria-required=\"true\" aria-invalid=\"false\" value=\"\" type=\"email\" name=\"your-email\" \/><\/span> <\/label>\n<\/p>\n<p><span class=\"wpcf7-form-control-wrap\" data-name=\"checkbox-332\"><span class=\"wpcf7-form-control wpcf7-checkbox wpcf7-validates-as-required\"><span class=\"wpcf7-list-item first\"><input type=\"checkbox\" name=\"checkbox-332[]\" value=\"Salle de combat Sciences\" \/><span class=\"wpcf7-list-item-label\">Salle de combat Sciences<\/span><\/span><span class=\"wpcf7-list-item\"><input type=\"checkbox\" name=\"checkbox-332[]\" value=\"Salle de danse Sciences\" \/><span class=\"wpcf7-list-item-label\">Salle de danse Sciences<\/span><\/span><span class=\"wpcf7-list-item\"><input type=\"checkbox\" name=\"checkbox-332[]\" value=\"Gymnase B Sciences\" \/><span class=\"wpcf7-list-item-label\">Gymnase B Sciences<\/span><\/span><span class=\"wpcf7-list-item\"><input type=\"checkbox\" name=\"checkbox-332[]\" value=\"Gymnase C Sciences\" \/><span class=\"wpcf7-list-item-label\">Gymnase C Sciences<\/span><\/span><span class=\"wpcf7-list-item\"><input type=\"checkbox\" name=\"checkbox-332[]\" value=\"Studio Danse\" \/><span class=\"wpcf7-list-item-label\">Studio Danse<\/span><\/span><span class=\"wpcf7-list-item\"><input type=\"checkbox\" name=\"checkbox-332[]\" value=\"Salle de Musculation Sciences\" \/><span class=\"wpcf7-list-item-label\">Salle de Musculation Sciences<\/span><\/span><span class=\"wpcf7-list-item\"><input type=\"checkbox\" name=\"checkbox-332[]\" value=\"Halle des sports STAPS\" \/><span class=\"wpcf7-list-item-label\">Halle des sports STAPS<\/span><\/span><span class=\"wpcf7-list-item\"><input type=\"checkbox\" name=\"checkbox-332[]\" value=\"Mur d&#039;Escalade STAPS\" \/><span class=\"wpcf7-list-item-label\">Mur d&#039;Escalade STAPS<\/span><\/span><span class=\"wpcf7-list-item\"><input type=\"checkbox\" name=\"checkbox-332[]\" value=\"Salle de Gymnastique STAPS\" \/><span class=\"wpcf7-list-item-label\">Salle de Gymnastique STAPS<\/span><\/span><span class=\"wpcf7-list-item\"><input type=\"checkbox\" name=\"checkbox-332[]\" value=\"Halle des sports C.BESSON\" \/><span class=\"wpcf7-list-item-label\">Halle des sports C.BESSON<\/span><\/span><span class=\"wpcf7-list-item\"><input type=\"checkbox\" name=\"checkbox-332[]\" value=\"Salle de Danse OUEST C. BESSON\" \/><span class=\"wpcf7-list-item-label\">Salle de Danse OUEST C. BESSON<\/span><\/span><span class=\"wpcf7-list-item\"><input type=\"checkbox\" name=\"checkbox-332[]\" value=\"Salle de Danse EST C. BESSON\" \/><span class=\"wpcf7-list-item-label\">Salle de Danse EST C. BESSON<\/span><\/span><span class=\"wpcf7-list-item\"><input type=\"checkbox\" name=\"checkbox-332[]\" value=\"Salle de Musculation NORD C. BESSON\" \/><span class=\"wpcf7-list-item-label\">Salle de Musculation NORD C. BESSON<\/span><\/span><span class=\"wpcf7-list-item\"><input type=\"checkbox\" name=\"checkbox-332[]\" value=\"Salle de Musculation SUD C. BESSON\" \/><span class=\"wpcf7-list-item-label\">Salle de Musculation SUD C. BESSON<\/span><\/span><span class=\"wpcf7-list-item\"><input type=\"checkbox\" name=\"checkbox-332[]\" value=\"Salle de cours C. BESSON\" \/><span class=\"wpcf7-list-item-label\">Salle de cours C. BESSON<\/span><\/span><span class=\"wpcf7-list-item\"><input type=\"checkbox\" name=\"checkbox-332[]\" value=\"Tennis ext\u00e9rieurs C. BESSON\" \/><span class=\"wpcf7-list-item-label\">Tennis ext\u00e9rieurs C. BESSON<\/span><\/span><span class=\"wpcf7-list-item\"><input type=\"checkbox\" name=\"checkbox-332[]\" value=\"Foot INSA\" \/><span class=\"wpcf7-list-item-label\">Foot INSA<\/span><\/span><span class=\"wpcf7-list-item\"><input type=\"checkbox\" name=\"checkbox-332[]\" value=\"Rugby INSA\" \/><span class=\"wpcf7-list-item-label\">Rugby INSA<\/span><\/span><span class=\"wpcf7-list-item\"><input type=\"checkbox\" name=\"checkbox-332[]\" value=\"Foot Stabilis\u00e9 INSA\" \/><span class=\"wpcf7-list-item-label\">Foot Stabilis\u00e9 INSA<\/span><\/span><span class=\"wpcf7-list-item\"><input type=\"checkbox\" name=\"checkbox-332[]\" value=\"Piste d&#039;Athl\u00e9tisme INSA\" \/><span class=\"wpcf7-list-item-label\">Piste d&#039;Athl\u00e9tisme INSA<\/span><\/span><span class=\"wpcf7-list-item\"><input type=\"checkbox\" name=\"checkbox-332[]\" value=\"Bassin Piscine\" \/><span class=\"wpcf7-list-item-label\">Bassin Piscine<\/span><\/span><span class=\"wpcf7-list-item\"><input type=\"checkbox\" name=\"checkbox-332[]\" value=\"Gymnase Comp\u00e9tition Piscine\" \/><span class=\"wpcf7-list-item-label\">Gymnase Comp\u00e9tition Piscine<\/span><\/span><span class=\"wpcf7-list-item\"><input type=\"checkbox\" name=\"checkbox-332[]\" value=\"Grande salle de cours Piscine\" \/><span class=\"wpcf7-list-item-label\">Grande salle de cours Piscine<\/span><\/span><span class=\"wpcf7-list-item\"><input type=\"checkbox\" name=\"checkbox-332[]\" value=\"Petite salle de cours Piscine\" \/><span class=\"wpcf7-list-item-label\">Petite salle de cours Piscine<\/span><\/span><span class=\"wpcf7-list-item\"><input type=\"checkbox\" name=\"checkbox-332[]\" value=\"Salle Omnisports Piscine\" \/><span class=\"wpcf7-list-item-label\">Salle Omnisports Piscine<\/span><\/span><span class=\"wpcf7-list-item\"><input type=\"checkbox\" name=\"checkbox-332[]\" value=\"Tennis ext\u00e9rieurs Piscine\" \/><span class=\"wpcf7-list-item-label\">Tennis ext\u00e9rieurs Piscine<\/span><\/span><span class=\"wpcf7-list-item\"><input type=\"checkbox\" name=\"checkbox-332[]\" value=\"Beach-volley INSA B\" \/><span class=\"wpcf7-list-item-label\">Beach-volley INSA B<\/span><\/span><span class=\"wpcf7-list-item\"><input type=\"checkbox\" name=\"checkbox-332[]\" value=\"Gymnase INSA B\" \/><span class=\"wpcf7-list-item-label\">Gymnase INSA B<\/span><\/span><span class=\"wpcf7-list-item\"><input type=\"checkbox\" name=\"checkbox-332[]\" value=\"Salle de Danse 3D\" \/><span class=\"wpcf7-list-item-label\">Salle de Danse 3D<\/span><\/span><span class=\"wpcf7-list-item\"><input type=\"checkbox\" name=\"checkbox-332[]\" value=\"Halle des sports 3D\" \/><span class=\"wpcf7-list-item-label\">Halle des sports 3D<\/span><\/span><span class=\"wpcf7-list-item\"><input type=\"checkbox\" name=\"checkbox-332[]\" value=\"Mur d&#039;Escalade 3D\" \/><span class=\"wpcf7-list-item-label\">Mur d&#039;Escalade 3D<\/span><\/span><span class=\"wpcf7-list-item\"><input type=\"checkbox\" name=\"checkbox-332[]\" value=\"L\u00e9on Jouhaux HAUT\" \/><span class=\"wpcf7-list-item-label\">L\u00e9on Jouhaux HAUT<\/span><\/span><span class=\"wpcf7-list-item\"><input type=\"checkbox\" name=\"checkbox-332[]\" value=\"L\u00e9on Jouhaux BAS\" \/><span class=\"wpcf7-list-item-label\">L\u00e9on Jouhaux BAS<\/span><\/span><span class=\"wpcf7-list-item last\"><input type=\"checkbox\" name=\"checkbox-332[]\" value=\"Salle de cours L\u00e9on Jouhaux\" \/><span class=\"wpcf7-list-item-label\">Salle de cours L\u00e9on Jouhaux<\/span><\/span><\/span><\/span>\n<\/p>\n<p><label> Veuillez renseigner les date(s) et cr\u00e9neau(x) respectivement souhait\u00e9(s) ci-dessous (obligatoire):<br \/>\n<span class=\"wpcf7-form-control-wrap\" data-name=\"textarea-904\"><textarea cols=\"40\" rows=\"10\" class=\"wpcf7-form-control wpcf7-textarea wpcf7-validates-as-required\" aria-required=\"true\" aria-invalid=\"false\" name=\"textarea-904\"><\/textarea><\/span> <\/label>\n<\/p>\n<p>ATTENTION, ce document n'est qu'une pr\u00e9-demande, non contractuel et est sous r\u00e9serve des disponibilit\u00e9s.\n<\/p>\n<p><div id=\"cf7sr-6a06e61d83837\" class=\"cf7sr-g-recaptcha\" data-theme=\"light\" data-type=\"image\" data-size=\"normal\" data-sitekey=\"6LeEs14aAAAAAHc2FDg3ZTnhVXRZeZkPfu_8mVUP\"><\/div><span class=\"wpcf7-form-control-wrap cf7sr-recaptcha\" data-name=\"cf7sr-recaptcha\"><input type=\"hidden\" name=\"cf7sr-recaptcha\" value=\"\" class=\"wpcf7-form-control\"><\/span>\n<\/p>\n<p><input class=\"wpcf7-form-control wpcf7-submit has-spinner\" type=\"submit\" value=\"Envoyer\" \/>\n<\/p><p style=\"display: none !important;\" class=\"akismet-fields-container\" data-prefix=\"_wpcf7_ak_\"><label>&#916;<textarea name=\"_wpcf7_ak_hp_textarea\" cols=\"45\" rows=\"8\" maxlength=\"100\"><\/textarea><\/label><input type=\"hidden\" id=\"ak_js_1\" name=\"_wpcf7_ak_js\" value=\"38\"\/><script>document.getElementById( \"ak_js_1\" ).setAttribute( \"value\", ( new Date() ).getTime() );<\/script><\/p><div class=\"wpcf7-response-output\" aria-hidden=\"true\"><\/div>\n<\/form>\n<\/div>\n\n","protected":false},"excerpt":{"rendered":"<p>Dans le cas o\u00f9 vous voulez r\u00e9server une ou plusieurs installations, veuillez remplir et envoyer le formulaire ci-dessous.<\/p>\n","protected":false},"author":725,"featured_media":0,"parent":0,"menu_order":0,"comment_status":"closed","ping_status":"closed","template":"","meta":[],"_links":{"self":[{"href":"http:\/\/siuaps.univ-lyon1.fr\/index.php?rest_route=\/wp\/v2\/pages\/1611"}],"collection":[{"href":"http:\/\/siuaps.univ-lyon1.fr\/index.php?rest_route=\/wp\/v2\/pages"}],"about":[{"href":"http:\/\/siuaps.univ-lyon1.fr\/index.php?rest_route=\/wp\/v2\/types\/page"}],"author":[{"embeddable":true,"href":"http:\/\/siuaps.univ-lyon1.fr\/index.php?rest_route=\/wp\/v2\/users\/725"}],"replies":[{"embeddable":true,"href":"http:\/\/siuaps.univ-lyon1.fr\/index.php?rest_route=%2Fwp%2Fv2%2Fcomments&post=1611"}],"version-history":[{"count":1,"href":"http:\/\/siuaps.univ-lyon1.fr\/index.php?rest_route=\/wp\/v2\/pages\/1611\/revisions"}],"predecessor-version":[{"id":2289,"href":"http:\/\/siuaps.univ-lyon1.fr\/index.php?rest_route=\/wp\/v2\/pages\/1611\/revisions\/2289"}],"wp:attachment":[{"href":"http:\/\/siuaps.univ-lyon1.fr\/index.php?rest_route=%2Fwp%2Fv2%2Fmedia&parent=1611"}],"curies":[{"name":"wp","href":"https:\/\/api.w.org\/{rel}","templated":true}]}}