{"id":162,"date":"2013-04-01T20:03:02","date_gmt":"2013-04-01T19:03:02","guid":{"rendered":"http:\/\/campus.univ-lyon1.fr\/siuaps\/?page_id=162"},"modified":"2024-05-28T14:54:12","modified_gmt":"2024-05-28T13:54:12","slug":"volley-ball","status":"publish","type":"page","link":"http:\/\/siuaps.univ-lyon1.fr\/?page_id=162","title":{"rendered":"Volley-ball"},"content":{"rendered":"<p>Le volley-ball est un sport collectif mettant en jeu deux \u00e9quipes de 6 joueurs s\u00e9par\u00e9s par un filet, qui s\u2019affrontent avec un ballon sur un terrain rectangulaire de 18 m\u00e8tres de long sur 9 m\u00e8tres de large.<\/p>\n<h1><\/h1>\n<h1>O\u00f9 trouver cette activit\u00e9 ?<a href=\"http:\/\/siuaps.univ-lyon1.fr\/files\/2018\/06\/volleyball.jpg\"><img decoding=\"async\" loading=\"lazy\" class=\" wp-image-2131 alignright\" src=\"http:\/\/siuaps.univ-lyon1.fr\/files\/2018\/06\/volleyball-300x300.jpg\" alt=\"\" width=\"357\" height=\"357\" srcset=\"http:\/\/siuaps.univ-lyon1.fr\/files\/2018\/06\/volleyball-300x300.jpg 300w, http:\/\/siuaps.univ-lyon1.fr\/files\/2018\/06\/volleyball-150x150.jpg 150w, http:\/\/siuaps.univ-lyon1.fr\/files\/2018\/06\/volleyball.jpg 640w\" sizes=\"(max-width: 357px) 100vw, 357px\" \/><\/a><\/h1>\n<h5><span style=\"color: #99ccff\">Au P\u00f4le sportif Colette BESSON<\/span><\/h5>\n<ul>\n<li><a href=\"http:\/\/siuaps.univ-lyon1.fr\/?page_id=64\">Halle des sports Besson<\/a><\/li>\n<\/ul>\n<h5><span style=\"color: #99ccff\">Au Complexe sportif 3D\u00a0<\/span><\/h5>\n<ul>\n<li><a href=\"http:\/\/siuaps.univ-lyon1.fr\/?page_id=136\">Halle des\u00a0 sports 3D<\/a><\/li>\n<\/ul>\n<h5><span style=\"color: #99ccff\">Au Complexe sportif Jacques SAPIN (Staps)<\/span><\/h5>\n<ul>\n<li><a href=\"http:\/\/siuaps.univ-lyon1.fr\/?page_id=68\">Gymnase comp\u00e9tition SAPIN<\/a><\/li>\n<li><a href=\"http:\/\/siuaps.univ-lyon1.fr\/?page_id=79\">Halle des sports SAPIN<\/a><\/li>\n<\/ul>\n<h5><span style=\"color: #99ccff\">Au P\u00f4le sportif Robert VANEL<\/span><\/h5>\n<ul>\n<li><a href=\"http:\/\/siuaps.univ-lyon1.fr\/?page_id=120\">Gymnase comp\u00e9tition PIBAROT<\/a><\/li>\n<\/ul>\n<h5><span style=\"color: #99ccff\">Au Complexe sportif L\u00e9on JOUHAUX<\/span><\/h5>\n<ul>\n<li><a href=\"http:\/\/siuaps.univ-lyon1.fr\/?page_id=140\">Gymnase comp\u00e9tition BAS L\u00e9on Jouhaux<\/a><\/li>\n<li><a href=\"http:\/\/siuaps.univ-lyon1.fr\/?page_id=142\">Gymnase HAUT L\u00e9on Jouhaux<\/a><\/li>\n<\/ul>\n<h5><span style=\"color: #99ccff\">Au P\u00f4le sportif Richard LISSMANN (Sciences)<\/span><\/h5>\n<ul>\n<li><a href=\"http:\/\/siuaps.univ-lyon1.fr\/?page_id=105\">Gymnase B LISSMANN<\/a><\/li>\n<li><a href=\"http:\/\/siuaps.univ-lyon1.fr\/?page_id=103\">Gymnase comp\u00e9tition LAPLANCHE<\/a><\/li>\n<\/ul>\n<h5><span style=\"color: #99ccff\">Au gymnase Alain GILLES<\/span><\/h5>\n<ul>\n<li><a href=\"http:\/\/siuaps.univ-lyon1.fr\/?page_id=116\">Gymnase B Alain GILLES<\/a><\/li>\n<\/ul>\n","protected":false},"excerpt":{"rendered":"<p>Le volley-ball est un sport collectif mettant en jeu deux \u00e9quipes de 6 joueurs s\u00e9par\u00e9s par un filet, qui s\u2019affrontent avec un ballon sur un terrain rectangulaire de 18 m\u00e8tres de long sur 9 m\u00e8tres de large. O\u00f9 trouver cette activit\u00e9 ? Au P\u00f4le sportif Colette BESSON Halle des sports Besson Au Complexe sportif 3D\u00a0 [&hellip;]<\/p>\n","protected":false},"author":65,"featured_media":0,"parent":759,"menu_order":0,"comment_status":"closed","ping_status":"open","template":"","meta":[],"_links":{"self":[{"href":"http:\/\/siuaps.univ-lyon1.fr\/index.php?rest_route=\/wp\/v2\/pages\/162"}],"collection":[{"href":"http:\/\/siuaps.univ-lyon1.fr\/index.php?rest_route=\/wp\/v2\/pages"}],"about":[{"href":"http:\/\/siuaps.univ-lyon1.fr\/index.php?rest_route=\/wp\/v2\/types\/page"}],"author":[{"embeddable":true,"href":"http:\/\/siuaps.univ-lyon1.fr\/index.php?rest_route=\/wp\/v2\/users\/65"}],"replies":[{"embeddable":true,"href":"http:\/\/siuaps.univ-lyon1.fr\/index.php?rest_route=%2Fwp%2Fv2%2Fcomments&post=162"}],"version-history":[{"count":2,"href":"http:\/\/siuaps.univ-lyon1.fr\/index.php?rest_route=\/wp\/v2\/pages\/162\/revisions"}],"predecessor-version":[{"id":2268,"href":"http:\/\/siuaps.univ-lyon1.fr\/index.php?rest_route=\/wp\/v2\/pages\/162\/revisions\/2268"}],"up":[{"embeddable":true,"href":"http:\/\/siuaps.univ-lyon1.fr\/index.php?rest_route=\/wp\/v2\/pages\/759"}],"wp:attachment":[{"href":"http:\/\/siuaps.univ-lyon1.fr\/index.php?rest_route=%2Fwp%2Fv2%2Fmedia&parent=162"}],"curies":[{"name":"wp","href":"https:\/\/api.w.org\/{rel}","templated":true}]}}