{"id":164,"date":"2013-04-01T20:03:44","date_gmt":"2013-04-01T19:03:44","guid":{"rendered":"http:\/\/campus.univ-lyon1.fr\/siuaps\/?page_id=164"},"modified":"2024-05-28T14:22:59","modified_gmt":"2024-05-28T13:22:59","slug":"badminton","status":"publish","type":"page","link":"http:\/\/siuaps.univ-lyon1.fr\/?page_id=164","title":{"rendered":"Badminton"},"content":{"rendered":"<p>Le badminton est un sport de raquette qui oppose deux joueurs (simples) ou deux paires (doubles), plac\u00e9s dans deux demi-terrains s\u00e9par\u00e9s par un filet. Les joueurs, marquent des points en frappant un volant \u00e0 l&rsquo;aide d&rsquo;une raquette pour le faire tomber dans le demi terrain adverse. L&rsquo;\u00e9change se termine d\u00e8s que le volant\u00a0 touche le sol ou s&rsquo;il y a faute.<\/p>\n<h2><a href=\"http:\/\/siuaps.univ-lyon1.fr\/files\/2018\/06\/BAD.jpg\"><img decoding=\"async\" loading=\"lazy\" class=\" wp-image-2104 alignright\" src=\"http:\/\/siuaps.univ-lyon1.fr\/files\/2018\/06\/BAD-218x300.jpg\" alt=\"\" width=\"263\" height=\"362\" srcset=\"http:\/\/siuaps.univ-lyon1.fr\/files\/2018\/06\/BAD-218x300.jpg 218w, http:\/\/siuaps.univ-lyon1.fr\/files\/2018\/06\/BAD.jpg 445w\" sizes=\"(max-width: 263px) 100vw, 263px\" \/><\/a><\/h2>\n<h2>O\u00f9 trouver cette activit\u00e9 ?<\/h2>\n<h5><span style=\"color: #99ccff\">Au Complexe sportif 3D<\/span><\/h5>\n<ul>\n<li><a href=\"http:\/\/siuaps.univ-lyon1.fr\/?page_id=136\">Halle des sports 3D<\/a><\/li>\n<\/ul>\n<h5><span style=\"color: #99ccff\">Au P\u00f4le sportif Colette BESSON<\/span><\/h5>\n<ul>\n<li><a href=\"http:\/\/siuaps.univ-lyon1.fr\/?page_id=64\">Halle des sports Colette Besson<\/a><\/li>\n<\/ul>\n<h5><span style=\"color: #99ccff\">Au Complexe sportif Jacques SAPIN ( Staps)<\/span><\/h5>\n<ul>\n<li><a href=\"http:\/\/siuaps.univ-lyon1.fr\/?page_id=68\">Gymnase comp\u00e9tition SAPIN<\/a><\/li>\n<li><a href=\"http:\/\/siuaps.univ-lyon1.fr\/?page_id=79\">Halle des sports SAPIN<\/a><\/li>\n<\/ul>\n<h5><span style=\"color: #99ccff\">Au P\u00f4le sportif Robert VANEL<\/span><\/h5>\n<ul>\n<li><a href=\"http:\/\/siuaps.univ-lyon1.fr\/?page_id=120\">Gymnase comp\u00e9tition PIBAROT<\/a><\/li>\n<\/ul>\n<h5><span style=\"color: #99ccff\">Au Complexe sportif L\u00e9on Jouhaux<\/span><\/h5>\n<ul>\n<li><a href=\"http:\/\/siuaps.univ-lyon1.fr\/?page_id=140\">Gymnase Comp\u00e9tition L\u00e9on Jouhaux Bas<\/a><\/li>\n<li><a href=\"http:\/\/siuaps.univ-lyon1.fr\/?page_id=142\">Gymnase L\u00e9on Jouhaux haut<\/a><\/li>\n<\/ul>\n<h5><span style=\"color: #99ccff\">Au P\u00f4le sportif Richard LISSMANN (Sciences)<\/span><\/h5>\n<ul>\n<li><a href=\"http:\/\/siuaps.univ-lyon1.fr\/?page_id=103\">Gymnase comp\u00e9tition LAPLANCHE<\/a><\/li>\n<li><a href=\"http:\/\/siuaps.univ-lyon1.fr\/?page_id=105\">Gymnase B LISSMANN<\/a><\/li>\n<\/ul>\n","protected":false},"excerpt":{"rendered":"<p>Le badminton est un sport de raquette qui oppose deux joueurs (simples) ou deux paires (doubles), plac\u00e9s dans deux demi-terrains s\u00e9par\u00e9s par un filet. Les joueurs, marquent des points en frappant un volant \u00e0 l&rsquo;aide d&rsquo;une raquette pour le faire tomber dans le demi terrain adverse. L&rsquo;\u00e9change se termine d\u00e8s que le volant\u00a0 touche le [&hellip;]<\/p>\n","protected":false},"author":65,"featured_media":0,"parent":759,"menu_order":0,"comment_status":"closed","ping_status":"open","template":"","meta":[],"_links":{"self":[{"href":"http:\/\/siuaps.univ-lyon1.fr\/index.php?rest_route=\/wp\/v2\/pages\/164"}],"collection":[{"href":"http:\/\/siuaps.univ-lyon1.fr\/index.php?rest_route=\/wp\/v2\/pages"}],"about":[{"href":"http:\/\/siuaps.univ-lyon1.fr\/index.php?rest_route=\/wp\/v2\/types\/page"}],"author":[{"embeddable":true,"href":"http:\/\/siuaps.univ-lyon1.fr\/index.php?rest_route=\/wp\/v2\/users\/65"}],"replies":[{"embeddable":true,"href":"http:\/\/siuaps.univ-lyon1.fr\/index.php?rest_route=%2Fwp%2Fv2%2Fcomments&post=164"}],"version-history":[{"count":4,"href":"http:\/\/siuaps.univ-lyon1.fr\/index.php?rest_route=\/wp\/v2\/pages\/164\/revisions"}],"predecessor-version":[{"id":2244,"href":"http:\/\/siuaps.univ-lyon1.fr\/index.php?rest_route=\/wp\/v2\/pages\/164\/revisions\/2244"}],"up":[{"embeddable":true,"href":"http:\/\/siuaps.univ-lyon1.fr\/index.php?rest_route=\/wp\/v2\/pages\/759"}],"wp:attachment":[{"href":"http:\/\/siuaps.univ-lyon1.fr\/index.php?rest_route=%2Fwp%2Fv2%2Fmedia&parent=164"}],"curies":[{"name":"wp","href":"https:\/\/api.w.org\/{rel}","templated":true}]}}