{"id":166,"date":"2013-04-01T20:04:20","date_gmt":"2013-04-01T19:04:20","guid":{"rendered":"http:\/\/campus.univ-lyon1.fr\/siuaps\/?page_id=166"},"modified":"2024-05-28T14:49:45","modified_gmt":"2024-05-28T13:49:45","slug":"tennis","status":"publish","type":"page","link":"http:\/\/siuaps.univ-lyon1.fr\/?page_id=166","title":{"rendered":"Tennis"},"content":{"rendered":"<p>Le\u00a0tennis\u00a0est un\u00a0sport de raquette\u00a0qui oppose soit deux joueurs soit, quatre joueurs qui forment deux \u00e9quipes de deux. Les joueurs utilisent une raquette cord\u00e9e verticalement et horizontalement \u00e0 une tension variant avec la puissance ou l&rsquo;effet que l&rsquo;on veut obtenir.<\/p>\n<h1><a href=\"http:\/\/siuaps.univ-lyon1.fr\/files\/2018\/06\/tennis.jpg\"><img decoding=\"async\" loading=\"lazy\" class=\" wp-image-2127 alignright\" src=\"http:\/\/siuaps.univ-lyon1.fr\/files\/2018\/06\/tennis.jpg\" alt=\"\" width=\"420\" height=\"420\" srcset=\"http:\/\/siuaps.univ-lyon1.fr\/files\/2018\/06\/tennis.jpg 300w, http:\/\/siuaps.univ-lyon1.fr\/files\/2018\/06\/tennis-150x150.jpg 150w\" sizes=\"(max-width: 420px) 100vw, 420px\" \/><\/a><\/h1>\n<h1>O\u00f9 trouver cette activit\u00e9 ?<\/h1>\n<h5><span style=\"color: #99ccff\">Au P\u00f4le sportif Robert VANEL<\/span><\/h5>\n<ul>\n<li><a href=\"http:\/\/siuaps.univ-lyon1.fr\/?page_id=618\">Tennis Ext\u00e9rieurs Robert VANEL<\/a><\/li>\n<\/ul>\n<h5><span style=\"color: #99ccff\">Au Complexe sportif Jacques SAPIN (Staps)<\/span><\/h5>\n<ul>\n<li><a href=\"http:\/\/siuaps.univ-lyon1.fr\/?page_id=616\">Tennis Ext\u00e9rieurs SAPIN<\/a><\/li>\n<li><a href=\"http:\/\/siuaps.univ-lyon1.fr\/?page_id=79\">Halle des sports SAPIN<\/a><\/li>\n<li><a href=\"http:\/\/siuaps.univ-lyon1.fr\/?page_id=68\"><span style=\"font-family: Arial, Helvetica, sans-serif;font-size: 13px;font-style: normal;font-weight: 400\">Gymnase comp\u00e9tition SAPIN<\/span><\/a><\/li>\n<\/ul>\n<h5><span style=\"color: #99ccff\">Au Complexe sportif 3D<\/span><\/h5>\n<ul>\n<li><a href=\"http:\/\/siuaps.univ-lyon1.fr\/?page_id=136\">Halle des sports 3D<\/a><\/li>\n<\/ul>\n<h5><span style=\"color: #99ccff\">Au P\u00f4le sportif Colette BESSON<\/span><\/h5>\n<ul>\n<li><a href=\"http:\/\/siuaps.univ-lyon1.fr\/?page_id=64\">Halle des sports Colette Besson<\/a><\/li>\n<li><a href=\"http:\/\/siuaps.univ-lyon1.fr\/?page_id=622\"><span style=\"font-family: Arial, Helvetica, sans-serif;font-size: 13px;font-style: normal;font-weight: 400\">Tennis Ext\u00e9rieurs Besson<\/span><\/a><\/li>\n<\/ul>\n<h5><span style=\"color: #99ccff\">Au Complexe sportif L\u00e9on Jouhaux<\/span><\/h5>\n<ul>\n<li><a href=\"http:\/\/siuaps.univ-lyon1.fr\/?page_id=140\">Gymnase comp\u00e9tition bas L\u00e9on Jouhaux<\/a><\/li>\n<li><a href=\"http:\/\/siuaps.univ-lyon1.fr\/?page_id=142\">Gymnase haut L\u00e9on Jouhaux<\/a><\/li>\n<\/ul>\n<h5><span style=\"color: #99ccff\">Au P\u00f4le sportif Richard LISSMANN (Sciences)<\/span><\/h5>\n<ul>\n<li><a href=\"http:\/\/siuaps.univ-lyon1.fr\/?page_id=105\">Gymnase B LISSMANN<span style=\"font-family: Arial, Helvetica, sans-serif;font-size: 13px;font-style: normal;font-weight: 400\">\u00a0<\/span><\/a><\/li>\n<li><a href=\"http:\/\/siuaps.univ-lyon1.fr\/?page_id=103\"><span style=\"font-family: Arial, Helvetica, sans-serif;font-size: 13px;font-style: normal;font-weight: 400\">Gymnase comp\u00e9tition LISSMANN<\/span><\/a><\/li>\n<li><a href=\"http:\/\/siuaps.univ-lyon1.fr\/?page_id=620\"><span style=\"font-family: Arial, Helvetica, sans-serif;font-size: 13px;font-style: normal;font-weight: 400\">Halle Tennis LISSMANN<\/span><\/a><\/li>\n<\/ul>\n","protected":false},"excerpt":{"rendered":"<p>Le\u00a0tennis\u00a0est un\u00a0sport de raquette\u00a0qui oppose soit deux joueurs soit, quatre joueurs qui forment deux \u00e9quipes de deux. Les joueurs utilisent une raquette cord\u00e9e verticalement et horizontalement \u00e0 une tension variant avec la puissance ou l&rsquo;effet que l&rsquo;on veut obtenir. O\u00f9 trouver cette activit\u00e9 ? Au P\u00f4le sportif Robert VANEL Tennis Ext\u00e9rieurs Robert VANEL Au Complexe [&hellip;]<\/p>\n","protected":false},"author":65,"featured_media":0,"parent":759,"menu_order":0,"comment_status":"closed","ping_status":"open","template":"","meta":[],"_links":{"self":[{"href":"http:\/\/siuaps.univ-lyon1.fr\/index.php?rest_route=\/wp\/v2\/pages\/166"}],"collection":[{"href":"http:\/\/siuaps.univ-lyon1.fr\/index.php?rest_route=\/wp\/v2\/pages"}],"about":[{"href":"http:\/\/siuaps.univ-lyon1.fr\/index.php?rest_route=\/wp\/v2\/types\/page"}],"author":[{"embeddable":true,"href":"http:\/\/siuaps.univ-lyon1.fr\/index.php?rest_route=\/wp\/v2\/users\/65"}],"replies":[{"embeddable":true,"href":"http:\/\/siuaps.univ-lyon1.fr\/index.php?rest_route=%2Fwp%2Fv2%2Fcomments&post=166"}],"version-history":[{"count":1,"href":"http:\/\/siuaps.univ-lyon1.fr\/index.php?rest_route=\/wp\/v2\/pages\/166\/revisions"}],"predecessor-version":[{"id":2264,"href":"http:\/\/siuaps.univ-lyon1.fr\/index.php?rest_route=\/wp\/v2\/pages\/166\/revisions\/2264"}],"up":[{"embeddable":true,"href":"http:\/\/siuaps.univ-lyon1.fr\/index.php?rest_route=\/wp\/v2\/pages\/759"}],"wp:attachment":[{"href":"http:\/\/siuaps.univ-lyon1.fr\/index.php?rest_route=%2Fwp%2Fv2%2Fmedia&parent=166"}],"curies":[{"name":"wp","href":"https:\/\/api.w.org\/{rel}","templated":true}]}}