{"id":169,"date":"2013-04-01T20:06:07","date_gmt":"2013-04-01T19:06:07","guid":{"rendered":"http:\/\/campus.univ-lyon1.fr\/siuaps\/?page_id=169"},"modified":"2024-05-28T15:37:57","modified_gmt":"2024-05-28T14:37:57","slug":"football","status":"publish","type":"page","link":"http:\/\/siuaps.univ-lyon1.fr\/?page_id=169","title":{"rendered":"Football"},"content":{"rendered":"<p>Le football est un sport collectif opposant deux \u00e9quipes de onze joueurs sur un terrain. L&rsquo;objectif de chaque formation est de mettre un ballon sph\u00e9rique dans le but adverse; sans utiliser les bras . La simplicit\u00e9 du jeu et le peu de moyens n\u00e9cessaires \u00e0 sa pratique explique en partie ce succ\u00e8s. Chaque terrain dispose de cages amovibles pour le foot \u00e0 7 sur demi terrain.<br \/>\nLe foot en salle (Futsal) est exclusivement r\u00e9serv\u00e9 aux cours universitaires.<\/p>\n<h1><a href=\"http:\/\/siuaps.univ-lyon1.fr\/files\/2018\/06\/foot.jpg\"><img decoding=\"async\" loading=\"lazy\" class=\"wp-image-2115 alignright\" src=\"http:\/\/siuaps.univ-lyon1.fr\/files\/2018\/06\/foot-300x169.jpg\" alt=\"\" width=\"470\" height=\"265\" srcset=\"http:\/\/siuaps.univ-lyon1.fr\/files\/2018\/06\/foot-300x169.jpg 300w, http:\/\/siuaps.univ-lyon1.fr\/files\/2018\/06\/foot.jpg 650w\" sizes=\"(max-width: 470px) 100vw, 470px\" \/><\/a><\/h1>\n<h1>O\u00f9 trouver cette activit\u00e9 ?<\/h1>\n<h5><span style=\"color: #99ccff\">Terrains ext\u00e9rieurs Stade OSTERMEYER<\/span><\/h5>\n<ul>\n<li><a href=\"http:\/\/siuaps.univ-lyon1.fr\/?page_id=605\">Foot synth\u00e9tique OSTERMEYER<\/a><\/li>\n<li><a href=\"http:\/\/siuaps.univ-lyon1.fr\/?page_id=607\">Foot stabilis\u00e9 OSTERMEYER<\/a><\/li>\n<\/ul>\n<h5><span style=\"color: #99ccff\">Terrains ext\u00e9rieurs Stade Jacques SAPIN<\/span><\/h5>\n<ul>\n<li><a href=\"http:\/\/siuaps.univ-lyon1.fr\/?page_id=597\">Foot synth\u00e9tique Pierre DE COUBERTIN<\/a><\/li>\n<\/ul>\n","protected":false},"excerpt":{"rendered":"<p>Le football est un sport collectif opposant deux \u00e9quipes de onze joueurs sur un terrain. L&rsquo;objectif de chaque formation est de mettre un ballon sph\u00e9rique dans le but adverse; sans utiliser les bras . La simplicit\u00e9 du jeu et le peu de moyens n\u00e9cessaires \u00e0 sa pratique explique en partie ce succ\u00e8s. Chaque terrain dispose [&hellip;]<\/p>\n","protected":false},"author":65,"featured_media":0,"parent":759,"menu_order":0,"comment_status":"closed","ping_status":"open","template":"","meta":[],"_links":{"self":[{"href":"http:\/\/siuaps.univ-lyon1.fr\/index.php?rest_route=\/wp\/v2\/pages\/169"}],"collection":[{"href":"http:\/\/siuaps.univ-lyon1.fr\/index.php?rest_route=\/wp\/v2\/pages"}],"about":[{"href":"http:\/\/siuaps.univ-lyon1.fr\/index.php?rest_route=\/wp\/v2\/types\/page"}],"author":[{"embeddable":true,"href":"http:\/\/siuaps.univ-lyon1.fr\/index.php?rest_route=\/wp\/v2\/users\/65"}],"replies":[{"embeddable":true,"href":"http:\/\/siuaps.univ-lyon1.fr\/index.php?rest_route=%2Fwp%2Fv2%2Fcomments&post=169"}],"version-history":[{"count":2,"href":"http:\/\/siuaps.univ-lyon1.fr\/index.php?rest_route=\/wp\/v2\/pages\/169\/revisions"}],"predecessor-version":[{"id":2291,"href":"http:\/\/siuaps.univ-lyon1.fr\/index.php?rest_route=\/wp\/v2\/pages\/169\/revisions\/2291"}],"up":[{"embeddable":true,"href":"http:\/\/siuaps.univ-lyon1.fr\/index.php?rest_route=\/wp\/v2\/pages\/759"}],"wp:attachment":[{"href":"http:\/\/siuaps.univ-lyon1.fr\/index.php?rest_route=%2Fwp%2Fv2%2Fmedia&parent=169"}],"curies":[{"name":"wp","href":"https:\/\/api.w.org\/{rel}","templated":true}]}}