{"id":171,"date":"2013-04-01T20:06:55","date_gmt":"2013-04-01T19:06:55","guid":{"rendered":"http:\/\/campus.univ-lyon1.fr\/siuaps\/?page_id=171"},"modified":"2024-05-28T14:28:16","modified_gmt":"2024-05-28T13:28:16","slug":"beach-volley","status":"publish","type":"page","link":"http:\/\/siuaps.univ-lyon1.fr\/?page_id=171","title":{"rendered":"Beach Volley"},"content":{"rendered":"<p>Le beach-volley est un sport collectif opposant deux \u00e9quipes compos\u00e9es de deux joueurs s\u00e9par\u00e9s par un filet, s&rsquo;affrontant avec un ballon qu&rsquo;ils se renvoient \u00e0 l&rsquo;aide des mains. Quoique d\u00e9riv\u00e9 du volley-ball, le beach-volley en diff\u00e8re par le fait\u00a0 qu&rsquo;il se joue en g\u00e9n\u00e9ral \u00e0 l&rsquo;ext\u00e9rieur sur une plage ou un terrain recouvert de sable et que chaque \u00e9quipe n&rsquo;est compos\u00e9e que de deux joueurs. La France a toutefois une tradition de volley de plage se jouant avec des \u00e9quipes de 3 \u00e0 4 joueurs.<\/p>\n<h1><a href=\"http:\/\/siuaps.univ-lyon1.fr\/files\/2018\/06\/beach-volley.jpg\"><img decoding=\"async\" loading=\"lazy\" class=\"alignnone  wp-image-2108\" src=\"http:\/\/siuaps.univ-lyon1.fr\/files\/2018\/06\/beach-volley-300x200.jpg\" alt=\"\" width=\"452\" height=\"301\" srcset=\"http:\/\/siuaps.univ-lyon1.fr\/files\/2018\/06\/beach-volley-300x200.jpg 300w, http:\/\/siuaps.univ-lyon1.fr\/files\/2018\/06\/beach-volley-768x512.jpg 768w, http:\/\/siuaps.univ-lyon1.fr\/files\/2018\/06\/beach-volley-1024x682.jpg 1024w, http:\/\/siuaps.univ-lyon1.fr\/files\/2018\/06\/beach-volley.jpg 1100w\" sizes=\"(max-width: 452px) 100vw, 452px\" \/><\/a><\/h1>\n<h1>O\u00f9 trouver cette activit\u00e9 ?<\/h1>\n<h5><span style=\"color: #99ccff\">Au gymnase B Alain GILLES<\/span><\/h5>\n<ul>\n<li><a href=\"http:\/\/siuaps.univ-lyon1.fr\/?page_id=624\">Ext\u00e9rieurs Alain GILLES<\/a><\/li>\n<\/ul>\n","protected":false},"excerpt":{"rendered":"<p>Le beach-volley est un sport collectif opposant deux \u00e9quipes compos\u00e9es de deux joueurs s\u00e9par\u00e9s par un filet, s&rsquo;affrontant avec un ballon qu&rsquo;ils se renvoient \u00e0 l&rsquo;aide des mains. Quoique d\u00e9riv\u00e9 du volley-ball, le beach-volley en diff\u00e8re par le fait\u00a0 qu&rsquo;il se joue en g\u00e9n\u00e9ral \u00e0 l&rsquo;ext\u00e9rieur sur une plage ou un terrain recouvert de sable [&hellip;]<\/p>\n","protected":false},"author":65,"featured_media":0,"parent":759,"menu_order":0,"comment_status":"closed","ping_status":"open","template":"","meta":[],"_links":{"self":[{"href":"http:\/\/siuaps.univ-lyon1.fr\/index.php?rest_route=\/wp\/v2\/pages\/171"}],"collection":[{"href":"http:\/\/siuaps.univ-lyon1.fr\/index.php?rest_route=\/wp\/v2\/pages"}],"about":[{"href":"http:\/\/siuaps.univ-lyon1.fr\/index.php?rest_route=\/wp\/v2\/types\/page"}],"author":[{"embeddable":true,"href":"http:\/\/siuaps.univ-lyon1.fr\/index.php?rest_route=\/wp\/v2\/users\/65"}],"replies":[{"embeddable":true,"href":"http:\/\/siuaps.univ-lyon1.fr\/index.php?rest_route=%2Fwp%2Fv2%2Fcomments&post=171"}],"version-history":[{"count":1,"href":"http:\/\/siuaps.univ-lyon1.fr\/index.php?rest_route=\/wp\/v2\/pages\/171\/revisions"}],"predecessor-version":[{"id":2247,"href":"http:\/\/siuaps.univ-lyon1.fr\/index.php?rest_route=\/wp\/v2\/pages\/171\/revisions\/2247"}],"up":[{"embeddable":true,"href":"http:\/\/siuaps.univ-lyon1.fr\/index.php?rest_route=\/wp\/v2\/pages\/759"}],"wp:attachment":[{"href":"http:\/\/siuaps.univ-lyon1.fr\/index.php?rest_route=%2Fwp%2Fv2%2Fmedia&parent=171"}],"curies":[{"name":"wp","href":"https:\/\/api.w.org\/{rel}","templated":true}]}}