{"id":173,"date":"2013-04-01T20:07:27","date_gmt":"2013-04-01T19:07:27","guid":{"rendered":"http:\/\/campus.univ-lyon1.fr\/siuaps\/?page_id=173"},"modified":"2024-05-28T14:43:36","modified_gmt":"2024-05-28T13:43:36","slug":"rugby","status":"publish","type":"page","link":"http:\/\/siuaps.univ-lyon1.fr\/?page_id=173","title":{"rendered":"Rugby"},"content":{"rendered":"<p>Le Rugby est un sport collectif\u00a0dont les sp\u00e9cificit\u00e9s sont les m\u00eal\u00e9es et les touches, mettant aux prises deux \u00e9quipes qui se disputent un ballon ovale, jou\u00e9 \u00e0 la main et au pied. L&rsquo;objectif du jeu est de marquer plus de points que l&rsquo;adversaire, par des\u00a0essais\u00a0(donnant droit \u00e0 des transformations), des p\u00e9nalit\u00e9s ou encore par des drops (coups de pied tomb\u00e9s dans le cours du jeu). De nos jours, l&rsquo;essai vaut cinq points et sept s&rsquo;il est transform\u00e9, le drop et la p\u00e9nalit\u00e9 valent trois points chacun.<\/p>\n<h1><a href=\"http:\/\/siuaps.univ-lyon1.fr\/files\/2018\/06\/rugby.jpg\"><img decoding=\"async\" loading=\"lazy\" class=\" wp-image-2125 alignright\" src=\"http:\/\/siuaps.univ-lyon1.fr\/files\/2018\/06\/rugby-243x300.jpg\" alt=\"\" width=\"357\" height=\"441\" srcset=\"http:\/\/siuaps.univ-lyon1.fr\/files\/2018\/06\/rugby-243x300.jpg 243w, http:\/\/siuaps.univ-lyon1.fr\/files\/2018\/06\/rugby.jpg 365w\" sizes=\"(max-width: 357px) 100vw, 357px\" \/><\/a><\/h1>\n<h1>O\u00f9 trouver cette activit\u00e9 ?<\/h1>\n<h5><span style=\"color: #99ccff\">Terrains ext\u00e9rieurs\u00a0 Stade OSTERMEYER\u00a0<\/span><\/h5>\n<ul>\n<li><a href=\"http:\/\/siuaps.univ-lyon1.fr\/?page_id=609\">Rugby Robert CHAPUIS<\/a><\/li>\n<\/ul>\n<h5><span style=\"color: #99ccff\">Terrains ext\u00e9rieurs Jacques SAPIN<\/span><\/h5>\n<ul>\n<li>\u00a0<a href=\"http:\/\/siuaps.univ-lyon1.fr\/?page_id=601\">Rugby Pierre DE COUBERTIN<\/a><\/li>\n<\/ul>\n","protected":false},"excerpt":{"rendered":"<p>Le Rugby est un sport collectif\u00a0dont les sp\u00e9cificit\u00e9s sont les m\u00eal\u00e9es et les touches, mettant aux prises deux \u00e9quipes qui se disputent un ballon ovale, jou\u00e9 \u00e0 la main et au pied. L&rsquo;objectif du jeu est de marquer plus de points que l&rsquo;adversaire, par des\u00a0essais\u00a0(donnant droit \u00e0 des transformations), des p\u00e9nalit\u00e9s ou encore par des [&hellip;]<\/p>\n","protected":false},"author":65,"featured_media":0,"parent":759,"menu_order":0,"comment_status":"closed","ping_status":"open","template":"","meta":[],"_links":{"self":[{"href":"http:\/\/siuaps.univ-lyon1.fr\/index.php?rest_route=\/wp\/v2\/pages\/173"}],"collection":[{"href":"http:\/\/siuaps.univ-lyon1.fr\/index.php?rest_route=\/wp\/v2\/pages"}],"about":[{"href":"http:\/\/siuaps.univ-lyon1.fr\/index.php?rest_route=\/wp\/v2\/types\/page"}],"author":[{"embeddable":true,"href":"http:\/\/siuaps.univ-lyon1.fr\/index.php?rest_route=\/wp\/v2\/users\/65"}],"replies":[{"embeddable":true,"href":"http:\/\/siuaps.univ-lyon1.fr\/index.php?rest_route=%2Fwp%2Fv2%2Fcomments&post=173"}],"version-history":[{"count":1,"href":"http:\/\/siuaps.univ-lyon1.fr\/index.php?rest_route=\/wp\/v2\/pages\/173\/revisions"}],"predecessor-version":[{"id":2262,"href":"http:\/\/siuaps.univ-lyon1.fr\/index.php?rest_route=\/wp\/v2\/pages\/173\/revisions\/2262"}],"up":[{"embeddable":true,"href":"http:\/\/siuaps.univ-lyon1.fr\/index.php?rest_route=\/wp\/v2\/pages\/759"}],"wp:attachment":[{"href":"http:\/\/siuaps.univ-lyon1.fr\/index.php?rest_route=%2Fwp%2Fv2%2Fmedia&parent=173"}],"curies":[{"name":"wp","href":"https:\/\/api.w.org\/{rel}","templated":true}]}}