{"id":175,"date":"2013-04-01T20:08:51","date_gmt":"2013-04-01T19:08:51","guid":{"rendered":"http:\/\/campus.univ-lyon1.fr\/siuaps\/?page_id=175"},"modified":"2024-05-28T14:30:27","modified_gmt":"2024-05-28T13:30:27","slug":"danse","status":"publish","type":"page","link":"http:\/\/siuaps.univ-lyon1.fr\/?page_id=175","title":{"rendered":"Danse"},"content":{"rendered":"<p><strong>\u00a0<\/strong>Le corps peut r\u00e9aliser toutes sortes d&rsquo;actions comme tourner, se courber, s&rsquo;\u00e9tirer, ou sauter. En les combinant selon dynamiques vari\u00e9es, on peut inventer une infinie de mouvements diff\u00e9rents. Le corps passe \u00e0 l&rsquo;\u00e9tat d&rsquo;objet, il sert \u00e0 exprimer les \u00e9motions du danseur \u00e0 travers ses mouvements, l&rsquo;art devient le ma\u00eetre du corps.<\/p>\n<h1 style=\"text-align: right\"><a href=\"http:\/\/siuaps.univ-lyon1.fr\/files\/2018\/06\/danse.png\"><img decoding=\"async\" loading=\"lazy\" class=\"wp-image-2111 alignright\" src=\"http:\/\/siuaps.univ-lyon1.fr\/files\/2018\/06\/danse-240x300.png\" alt=\"\" width=\"306\" height=\"383\" srcset=\"http:\/\/siuaps.univ-lyon1.fr\/files\/2018\/06\/danse-240x300.png 240w, http:\/\/siuaps.univ-lyon1.fr\/files\/2018\/06\/danse.png 578w\" sizes=\"(max-width: 306px) 100vw, 306px\" \/><\/a><\/h1>\n<h1>O\u00f9 trouver cette activit\u00e9 ?<\/h1>\n<h5><span style=\"color: #99ccff\">Au Complexe sportif 3D\u00a0<\/span><\/h5>\n<ul>\n<li><a href=\"http:\/\/siuaps.univ-lyon1.fr\/?page_id=134\">Salle de Danse 3D<\/a><\/li>\n<\/ul>\n<h5><span style=\"color: #99ccff\">Au P\u00f4le sportif Colette BESSON <\/span><\/h5>\n<ul>\n<li><a href=\"http:\/\/siuaps.univ-lyon1.fr\/?page_id=94\">Salle de Danse EST Colette Besson<\/a><\/li>\n<li><a href=\"http:\/\/siuaps.univ-lyon1.fr\/?page_id=96\">Salle Danse OUEST Colette Besson<\/a><\/li>\n<\/ul>\n<h5><span style=\"color: #99ccff\">Au Complexe sportif Jacques SAPIN (Staps)<\/span><\/h5>\n<ul>\n<li><a href=\"http:\/\/siuaps.univ-lyon1.fr\/?page_id=43\">Salle de Danse SAPIN<\/a><\/li>\n<\/ul>\n<h5><span style=\"color: #99ccff\">Au P\u00f4le sportif Richard LISSMANN (Sciences)<\/span><\/h5>\n<ul>\n<li><a href=\"http:\/\/siuaps.univ-lyon1.fr\/?page_id=109\">Salle de Danse LISSMANN<\/a><\/li>\n<li><a href=\"http:\/\/siuaps.univ-lyon1.fr\/?page_id=111\">Studio LISSMANN<\/a><\/li>\n<\/ul>\n","protected":false},"excerpt":{"rendered":"<p>\u00a0Le corps peut r\u00e9aliser toutes sortes d&rsquo;actions comme tourner, se courber, s&rsquo;\u00e9tirer, ou sauter. En les combinant selon dynamiques vari\u00e9es, on peut inventer une infinie de mouvements diff\u00e9rents. Le corps passe \u00e0 l&rsquo;\u00e9tat d&rsquo;objet, il sert \u00e0 exprimer les \u00e9motions du danseur \u00e0 travers ses mouvements, l&rsquo;art devient le ma\u00eetre du corps. O\u00f9 trouver cette [&hellip;]<\/p>\n","protected":false},"author":65,"featured_media":0,"parent":759,"menu_order":0,"comment_status":"closed","ping_status":"open","template":"","meta":[],"_links":{"self":[{"href":"http:\/\/siuaps.univ-lyon1.fr\/index.php?rest_route=\/wp\/v2\/pages\/175"}],"collection":[{"href":"http:\/\/siuaps.univ-lyon1.fr\/index.php?rest_route=\/wp\/v2\/pages"}],"about":[{"href":"http:\/\/siuaps.univ-lyon1.fr\/index.php?rest_route=\/wp\/v2\/types\/page"}],"author":[{"embeddable":true,"href":"http:\/\/siuaps.univ-lyon1.fr\/index.php?rest_route=\/wp\/v2\/users\/65"}],"replies":[{"embeddable":true,"href":"http:\/\/siuaps.univ-lyon1.fr\/index.php?rest_route=%2Fwp%2Fv2%2Fcomments&post=175"}],"version-history":[{"count":1,"href":"http:\/\/siuaps.univ-lyon1.fr\/index.php?rest_route=\/wp\/v2\/pages\/175\/revisions"}],"predecessor-version":[{"id":2249,"href":"http:\/\/siuaps.univ-lyon1.fr\/index.php?rest_route=\/wp\/v2\/pages\/175\/revisions\/2249"}],"up":[{"embeddable":true,"href":"http:\/\/siuaps.univ-lyon1.fr\/index.php?rest_route=\/wp\/v2\/pages\/759"}],"wp:attachment":[{"href":"http:\/\/siuaps.univ-lyon1.fr\/index.php?rest_route=%2Fwp%2Fv2%2Fmedia&parent=175"}],"curies":[{"name":"wp","href":"https:\/\/api.w.org\/{rel}","templated":true}]}}