{"id":1792,"date":"2018-06-02T15:21:37","date_gmt":"2018-06-02T13:21:37","guid":{"rendered":"http:\/\/campus.univ-lyon1.fr\/siuaps\/?page_id=1792"},"modified":"2024-05-28T14:33:07","modified_gmt":"2024-05-28T13:33:07","slug":"escalade","status":"publish","type":"page","link":"http:\/\/siuaps.univ-lyon1.fr\/?page_id=1792","title":{"rendered":"Escalade"},"content":{"rendered":"<p>L\u2019escalade, est un\u00a0sport\u00a0consistant \u00e0 se d\u00e9placer le long d&rsquo;une paroi pour atteindre le haut d&rsquo;un\u00a0relief\u00a0ou d&rsquo;une\u00a0structure artificielle, par un cheminement appel\u00e9\u00a0voie\u00a0et avec ou sans aide de\u00a0mat\u00e9riel.<\/p>\n<h2><a href=\"http:\/\/siuaps.univ-lyon1.fr\/files\/2018\/06\/escalade.png\"><img decoding=\"async\" loading=\"lazy\" class=\" wp-image-2113 alignright\" src=\"http:\/\/siuaps.univ-lyon1.fr\/files\/2018\/06\/escalade-150x300.png\" alt=\"\" width=\"258\" height=\"516\" srcset=\"http:\/\/siuaps.univ-lyon1.fr\/files\/2018\/06\/escalade-150x300.png 150w, http:\/\/siuaps.univ-lyon1.fr\/files\/2018\/06\/escalade.png 159w\" sizes=\"(max-width: 258px) 100vw, 258px\" \/><\/a><\/h2>\n<h2>O\u00f9 trouver cette activit\u00e9 ?<\/h2>\n<h5><span style=\"color: #00ccff\">Au Complexe sportif Jacques SAPIN (Staps)<\/span><\/h5>\n<ul>\n<li><a href=\"http:\/\/siuaps.univ-lyon1.fr\/?page_id=79\">Mur d&rsquo;escalade ESCOFFIER (dans la halle des sports)<\/a><\/li>\n<\/ul>\n<h5><span style=\"color: #00ccff\">Au Complexe sportif 3D\u00a0<\/span><\/h5>\n<ul>\n<li><a href=\"http:\/\/siuaps.univ-lyon1.fr\/?page_id=914\">Mur d&rsquo;escalade 3D<\/a><\/li>\n<\/ul>\n","protected":false},"excerpt":{"rendered":"<p>L\u2019escalade, est un\u00a0sport\u00a0consistant \u00e0 se d\u00e9placer le long d&rsquo;une paroi pour atteindre le haut d&rsquo;un\u00a0relief\u00a0ou d&rsquo;une\u00a0structure artificielle, par un cheminement appel\u00e9\u00a0voie\u00a0et avec ou sans aide de\u00a0mat\u00e9riel. O\u00f9 trouver cette activit\u00e9 ? Au Complexe sportif Jacques SAPIN (Staps) Mur d&rsquo;escalade ESCOFFIER (dans la halle des sports) Au Complexe sportif 3D\u00a0 Mur d&rsquo;escalade 3D<\/p>\n","protected":false},"author":725,"featured_media":0,"parent":759,"menu_order":0,"comment_status":"closed","ping_status":"closed","template":"","meta":[],"_links":{"self":[{"href":"http:\/\/siuaps.univ-lyon1.fr\/index.php?rest_route=\/wp\/v2\/pages\/1792"}],"collection":[{"href":"http:\/\/siuaps.univ-lyon1.fr\/index.php?rest_route=\/wp\/v2\/pages"}],"about":[{"href":"http:\/\/siuaps.univ-lyon1.fr\/index.php?rest_route=\/wp\/v2\/types\/page"}],"author":[{"embeddable":true,"href":"http:\/\/siuaps.univ-lyon1.fr\/index.php?rest_route=\/wp\/v2\/users\/725"}],"replies":[{"embeddable":true,"href":"http:\/\/siuaps.univ-lyon1.fr\/index.php?rest_route=%2Fwp%2Fv2%2Fcomments&post=1792"}],"version-history":[{"count":2,"href":"http:\/\/siuaps.univ-lyon1.fr\/index.php?rest_route=\/wp\/v2\/pages\/1792\/revisions"}],"predecessor-version":[{"id":2252,"href":"http:\/\/siuaps.univ-lyon1.fr\/index.php?rest_route=\/wp\/v2\/pages\/1792\/revisions\/2252"}],"up":[{"embeddable":true,"href":"http:\/\/siuaps.univ-lyon1.fr\/index.php?rest_route=\/wp\/v2\/pages\/759"}],"wp:attachment":[{"href":"http:\/\/siuaps.univ-lyon1.fr\/index.php?rest_route=%2Fwp%2Fv2%2Fmedia&parent=1792"}],"curies":[{"name":"wp","href":"https:\/\/api.w.org\/{rel}","templated":true}]}}