{"id":182,"date":"2013-04-01T20:12:50","date_gmt":"2013-04-01T19:12:50","guid":{"rendered":"http:\/\/campus.univ-lyon1.fr\/siuaps\/?page_id=182"},"modified":"2024-05-28T14:35:38","modified_gmt":"2024-05-28T13:35:38","slug":"gymnastique","status":"publish","type":"page","link":"http:\/\/siuaps.univ-lyon1.fr\/?page_id=182","title":{"rendered":"Gymnastique"},"content":{"rendered":"<p>La gymnastique traditionnelle est un cours qui permet de travailler les principaux muscles des groupes musculaires primaires et secondaires (pectoraux, cuisses, dos, biceps, triceps, abdominaux, \u00e9paules, fessiers, mollets\u2026.). Un cours de gymnastique traditionnelle d\u00e9bute par des mouvements amples, afin d\u2019\u00e9chauffer toutes les parties du corps, suivi par un enchainement d\u2019exercices de renforcement musculaire ex\u00e9cut\u00e9 dans un ordre d\u00e9fini (membres sup\u00e9rieurs, buste, dos, membres inf\u00e9rieurs, abdominaux et fessiers). Dans un second temps, le travail des diff\u00e9rents musculaires est r\u00e9alis\u00e9 avec ou sans mat\u00e9riel, debout et au sol. L\u2019utilisation d\u2019accessoires (barres, step, \u00e9lastique ou ballon) permet d\u2019accentuer le travail musculaire dans certaine positions. Le cours se termine par un \u00e9tirement des muscles sollicit\u00e9s.<\/p>\n<p>La gymnastique se pratique sur 6 (homme) ou 4 (femme)\u00a0<span style=\"font-family: Arial, Helvetica, sans-serif;font-size: 13px;font-style: normal;font-weight: 400\">agr\u00e8s par \u00e9quipe ou individuel.<br \/>\nPour les hommes : Sol, ar\u00e7on, fixe, anneaux, saut de cheval et barre parall\u00e8le.<br \/>\nPour les femmes : Sol, poutre, barre asym\u00e9trique et saut de cheval.<br \/>\n<\/span><span style=\"font-family: Arial, Helvetica, sans-serif;font-size: 13px;font-style: normal;font-weight: 400\">La gymnastique se r\u00e9f\u00e8re \u00e0 un code de pointage international. <\/span><\/p>\n<h1><a href=\"http:\/\/siuaps.univ-lyon1.fr\/files\/2018\/06\/Gym.png\"><img decoding=\"async\" loading=\"lazy\" class=\" wp-image-2117 alignright\" src=\"http:\/\/siuaps.univ-lyon1.fr\/files\/2018\/06\/Gym.png\" alt=\"\" width=\"362\" height=\"362\" srcset=\"http:\/\/siuaps.univ-lyon1.fr\/files\/2018\/06\/Gym.png 295w, http:\/\/siuaps.univ-lyon1.fr\/files\/2018\/06\/Gym-150x150.png 150w\" sizes=\"(max-width: 362px) 100vw, 362px\" \/><\/a><\/h1>\n<h1>O\u00f9 trouver cette activit\u00e9 ?<\/h1>\n<h5><span style=\"color: #99ccff\">Au Complexe sportif Jacques SAPIN (Staps)<\/span><\/h5>\n<ul>\n<li><a href=\"http:\/\/siuaps.univ-lyon1.fr\/?page_id=81\">Salle de gymnastique SAPIN<\/a><\/li>\n<\/ul>\n","protected":false},"excerpt":{"rendered":"<p>La gymnastique traditionnelle est un cours qui permet de travailler les principaux muscles des groupes musculaires primaires et secondaires (pectoraux, cuisses, dos, biceps, triceps, abdominaux, \u00e9paules, fessiers, mollets\u2026.). Un cours de gymnastique traditionnelle d\u00e9bute par des mouvements amples, afin d\u2019\u00e9chauffer toutes les parties du corps, suivi par un enchainement d\u2019exercices de renforcement musculaire ex\u00e9cut\u00e9 dans [&hellip;]<\/p>\n","protected":false},"author":65,"featured_media":0,"parent":759,"menu_order":0,"comment_status":"closed","ping_status":"open","template":"","meta":[],"_links":{"self":[{"href":"http:\/\/siuaps.univ-lyon1.fr\/index.php?rest_route=\/wp\/v2\/pages\/182"}],"collection":[{"href":"http:\/\/siuaps.univ-lyon1.fr\/index.php?rest_route=\/wp\/v2\/pages"}],"about":[{"href":"http:\/\/siuaps.univ-lyon1.fr\/index.php?rest_route=\/wp\/v2\/types\/page"}],"author":[{"embeddable":true,"href":"http:\/\/siuaps.univ-lyon1.fr\/index.php?rest_route=\/wp\/v2\/users\/65"}],"replies":[{"embeddable":true,"href":"http:\/\/siuaps.univ-lyon1.fr\/index.php?rest_route=%2Fwp%2Fv2%2Fcomments&post=182"}],"version-history":[{"count":1,"href":"http:\/\/siuaps.univ-lyon1.fr\/index.php?rest_route=\/wp\/v2\/pages\/182\/revisions"}],"predecessor-version":[{"id":2255,"href":"http:\/\/siuaps.univ-lyon1.fr\/index.php?rest_route=\/wp\/v2\/pages\/182\/revisions\/2255"}],"up":[{"embeddable":true,"href":"http:\/\/siuaps.univ-lyon1.fr\/index.php?rest_route=\/wp\/v2\/pages\/759"}],"wp:attachment":[{"href":"http:\/\/siuaps.univ-lyon1.fr\/index.php?rest_route=%2Fwp%2Fv2%2Fmedia&parent=182"}],"curies":[{"name":"wp","href":"https:\/\/api.w.org\/{rel}","templated":true}]}}