{"id":184,"date":"2013-04-01T20:13:50","date_gmt":"2013-04-01T19:13:50","guid":{"rendered":"http:\/\/campus.univ-lyon1.fr\/siuaps\/?page_id=184"},"modified":"2024-05-28T14:41:56","modified_gmt":"2024-05-28T13:41:56","slug":"natation-et-activites-aquatiques","status":"publish","type":"page","link":"http:\/\/siuaps.univ-lyon1.fr\/?page_id=184","title":{"rendered":"Natation et activit\u00e9s aquatiques"},"content":{"rendered":"<p>Il s&rsquo;agit de l&rsquo;ensemble des activit\u00e9s sportives pratiqu\u00e9es sur et dans l&rsquo;eau.<\/p>\n<h1><a href=\"http:\/\/siuaps.univ-lyon1.fr\/files\/2018\/06\/natation.jpg\"><img decoding=\"async\" loading=\"lazy\" class=\" wp-image-2123 alignright\" src=\"http:\/\/siuaps.univ-lyon1.fr\/files\/2018\/06\/natation-300x185.jpg\" alt=\"\" width=\"371\" height=\"229\" srcset=\"http:\/\/siuaps.univ-lyon1.fr\/files\/2018\/06\/natation-300x185.jpg 300w, http:\/\/siuaps.univ-lyon1.fr\/files\/2018\/06\/natation.jpg 650w\" sizes=\"(max-width: 371px) 100vw, 371px\" \/><\/a><\/h1>\n<h1>O\u00f9 trouver cette activit\u00e9 ?<\/h1>\n<h5><span style=\"color: #99ccff\">Au P\u00f4le sportif Robert VANEL<\/span><\/h5>\n<ul>\n<li><a href=\"http:\/\/siuaps.univ-lyon1.fr\/?page_id=124\">Bassin piscine inter Universitaire<\/a><\/li>\n<\/ul>\n","protected":false},"excerpt":{"rendered":"<p>Il s&rsquo;agit de l&rsquo;ensemble des activit\u00e9s sportives pratiqu\u00e9es sur et dans l&rsquo;eau. O\u00f9 trouver cette activit\u00e9 ? Au P\u00f4le sportif Robert VANEL Bassin piscine inter Universitaire<\/p>\n","protected":false},"author":65,"featured_media":0,"parent":759,"menu_order":0,"comment_status":"closed","ping_status":"open","template":"","meta":[],"_links":{"self":[{"href":"http:\/\/siuaps.univ-lyon1.fr\/index.php?rest_route=\/wp\/v2\/pages\/184"}],"collection":[{"href":"http:\/\/siuaps.univ-lyon1.fr\/index.php?rest_route=\/wp\/v2\/pages"}],"about":[{"href":"http:\/\/siuaps.univ-lyon1.fr\/index.php?rest_route=\/wp\/v2\/types\/page"}],"author":[{"embeddable":true,"href":"http:\/\/siuaps.univ-lyon1.fr\/index.php?rest_route=\/wp\/v2\/users\/65"}],"replies":[{"embeddable":true,"href":"http:\/\/siuaps.univ-lyon1.fr\/index.php?rest_route=%2Fwp%2Fv2%2Fcomments&post=184"}],"version-history":[{"count":1,"href":"http:\/\/siuaps.univ-lyon1.fr\/index.php?rest_route=\/wp\/v2\/pages\/184\/revisions"}],"predecessor-version":[{"id":2260,"href":"http:\/\/siuaps.univ-lyon1.fr\/index.php?rest_route=\/wp\/v2\/pages\/184\/revisions\/2260"}],"up":[{"embeddable":true,"href":"http:\/\/siuaps.univ-lyon1.fr\/index.php?rest_route=\/wp\/v2\/pages\/759"}],"wp:attachment":[{"href":"http:\/\/siuaps.univ-lyon1.fr\/index.php?rest_route=%2Fwp%2Fv2%2Fmedia&parent=184"}],"curies":[{"name":"wp","href":"https:\/\/api.w.org\/{rel}","templated":true}]}}