{"id":186,"date":"2013-04-01T20:14:16","date_gmt":"2013-04-01T19:14:16","guid":{"rendered":"http:\/\/campus.univ-lyon1.fr\/siuaps\/?page_id=186"},"modified":"2024-05-28T14:14:48","modified_gmt":"2024-05-28T13:14:48","slug":"athletisme","status":"publish","type":"page","link":"http:\/\/siuaps.univ-lyon1.fr\/?page_id=186","title":{"rendered":"Athl\u00e9tisme"},"content":{"rendered":"<p>L&rsquo;athl\u00e9tisme est un sport qui comporte un ensemble de disciplines regroup\u00e9es en courses, sauts, lancers, \u00e9preuves combin\u00e9es et marche. Il s&rsquo;agit de l&rsquo;art de d\u00e9passer la performance des adversaires en vitesse ou en endurance, en distance ou en hauteur. L&rsquo;athl\u00e9tisme est l&rsquo;un des rares sports universellement pratiqu\u00e9 que ce soit dans le monde, en amateur ou en cours de nombreuses comp\u00e9titions de tous niveaux. La simplicit\u00e9 et le peu de moyen n\u00e9cessaire \u00e0 sa pratique explique en partie ce succ\u00e8s.<\/p>\n<h2><a href=\"http:\/\/siuaps.univ-lyon1.fr\/files\/2018\/06\/Athl\u00e9.jpg\"><img decoding=\"async\" loading=\"lazy\" class=\"wp-image-2102 aligncenter\" src=\"http:\/\/siuaps.univ-lyon1.fr\/files\/2018\/06\/Athl\u00e9-300x198.jpg\" alt=\"\" width=\"377\" height=\"249\" srcset=\"http:\/\/siuaps.univ-lyon1.fr\/files\/2018\/06\/Athl\u00e9-300x198.jpg 300w, http:\/\/siuaps.univ-lyon1.fr\/files\/2018\/06\/Athl\u00e9.jpg 363w\" sizes=\"(max-width: 377px) 100vw, 377px\" \/><\/a><\/h2>\n<h2>O\u00f9 trouver cette activit\u00e9 ?<\/h2>\n<h5><span style=\"color: #99ccff\">Terrains ext\u00e9rieurs stade Micheline OSTERMEYER<\/span><\/h5>\n<ul>\n<li><a href=\"http:\/\/siuaps.univ-lyon1.fr\/?page_id=611\">Piste athl\u00e9tisme OSTERMEYER<\/a><\/li>\n<\/ul>\n<h5><span style=\"color: #99ccff\">Terrains ext\u00e9rieurs Stade Jacques SAPIN<\/span><\/h5>\n<ul>\n<li><a href=\"http:\/\/siuaps.univ-lyon1.fr\/?page_id=603\">Piste athl\u00e9tisme Pierre DE COUBERTIN<\/a><\/li>\n<\/ul>\n<h5><\/h5>\n","protected":false},"excerpt":{"rendered":"<p>L&rsquo;athl\u00e9tisme est un sport qui comporte un ensemble de disciplines regroup\u00e9es en courses, sauts, lancers, \u00e9preuves combin\u00e9es et marche. Il s&rsquo;agit de l&rsquo;art de d\u00e9passer la performance des adversaires en vitesse ou en endurance, en distance ou en hauteur. L&rsquo;athl\u00e9tisme est l&rsquo;un des rares sports universellement pratiqu\u00e9 que ce soit dans le monde, en amateur [&hellip;]<\/p>\n","protected":false},"author":65,"featured_media":0,"parent":759,"menu_order":0,"comment_status":"closed","ping_status":"open","template":"","meta":[],"_links":{"self":[{"href":"http:\/\/siuaps.univ-lyon1.fr\/index.php?rest_route=\/wp\/v2\/pages\/186"}],"collection":[{"href":"http:\/\/siuaps.univ-lyon1.fr\/index.php?rest_route=\/wp\/v2\/pages"}],"about":[{"href":"http:\/\/siuaps.univ-lyon1.fr\/index.php?rest_route=\/wp\/v2\/types\/page"}],"author":[{"embeddable":true,"href":"http:\/\/siuaps.univ-lyon1.fr\/index.php?rest_route=\/wp\/v2\/users\/65"}],"replies":[{"embeddable":true,"href":"http:\/\/siuaps.univ-lyon1.fr\/index.php?rest_route=%2Fwp%2Fv2%2Fcomments&post=186"}],"version-history":[{"count":4,"href":"http:\/\/siuaps.univ-lyon1.fr\/index.php?rest_route=\/wp\/v2\/pages\/186\/revisions"}],"predecessor-version":[{"id":2238,"href":"http:\/\/siuaps.univ-lyon1.fr\/index.php?rest_route=\/wp\/v2\/pages\/186\/revisions\/2238"}],"up":[{"embeddable":true,"href":"http:\/\/siuaps.univ-lyon1.fr\/index.php?rest_route=\/wp\/v2\/pages\/759"}],"wp:attachment":[{"href":"http:\/\/siuaps.univ-lyon1.fr\/index.php?rest_route=%2Fwp%2Fv2%2Fmedia&parent=186"}],"curies":[{"name":"wp","href":"https:\/\/api.w.org\/{rel}","templated":true}]}}