{"id":28,"date":"2013-03-28T22:10:55","date_gmt":"2013-03-28T21:10:55","guid":{"rendered":"http:\/\/campus.univ-lyon1.fr\/siuaps\/?page_id=28"},"modified":"2024-05-28T15:01:18","modified_gmt":"2024-05-28T14:01:18","slug":"complexe-sportif-de-lufrstaps","status":"publish","type":"page","link":"http:\/\/siuaps.univ-lyon1.fr\/?page_id=28","title":{"rendered":"Complexe Sportif Jacques Sapin"},"content":{"rendered":"<p>Jacques Sapin (1921-2003) \u00e9tait un professeur d&rsquo;EPS et champion de France du 110 m\u00e8tres-haies senior en 1941.<\/p>\n<h3><a href=\"http:\/\/siuaps.univ-lyon1.fr\/?page_id=641\">Fiche technique du complexe et R\u00e8glement Int\u00e9rieur<\/a><\/h3>\n<h3><a href=\"http:\/\/siuaps.univ-lyon1.fr\/files\/2018\/05\/campus-doua-Int\u00e9rieurs-STAPS.jpg\"><img decoding=\"async\" loading=\"lazy\" class=\"alignnone wp-image-1554\" src=\"http:\/\/siuaps.univ-lyon1.fr\/files\/2018\/05\/campus-doua-Int\u00e9rieurs-STAPS-300x140.jpg\" alt=\"\" width=\"544\" height=\"254\" srcset=\"http:\/\/siuaps.univ-lyon1.fr\/files\/2018\/05\/campus-doua-Int\u00e9rieurs-STAPS-300x140.jpg 300w, http:\/\/siuaps.univ-lyon1.fr\/files\/2018\/05\/campus-doua-Int\u00e9rieurs-STAPS-768x359.jpg 768w, http:\/\/siuaps.univ-lyon1.fr\/files\/2018\/05\/campus-doua-Int\u00e9rieurs-STAPS-1024x479.jpg 1024w\" sizes=\"(max-width: 544px) 100vw, 544px\" \/><\/a><\/h3>\n<h3><a href=\"http:\/\/siuaps.univ-lyon1.fr\/?page_id=68\">Le gymnase Comp\u00e9tition<\/a><\/h3>\n<h3><a href=\"http:\/\/siuaps.univ-lyon1.fr\/?page_id=79\">La Halle des sports<\/a><\/h3>\n<p><em><span style=\"color: #993300\"><strong>Le mur d&rsquo;escalade ESCOFFIER<\/strong><\/span><\/em><\/p>\n<h3><a href=\"http:\/\/siuaps.univ-lyon1.fr\/?page_id=45\">La salle de Combat<\/a><\/h3>\n<h3><a href=\"http:\/\/siuaps.univ-lyon1.fr\/?page_id=43\">La salle de Danse<\/a><\/h3>\n<h3><a href=\"http:\/\/siuaps.univ-lyon1.fr\/?page_id=90\">Les salles de Cours<\/a><\/h3>\n<h3><a href=\"http:\/\/siuaps.univ-lyon1.fr\/?page_id=81\">La salle de Gymnastique sp\u00e9cialis\u00e9e<\/a><\/h3>\n<h3><a href=\"http:\/\/siuaps.univ-lyon1.fr\/?page_id=49\">La salle de Musculation<\/a><\/h3>\n","protected":false},"excerpt":{"rendered":"<p>Jacques Sapin (1921-2003) \u00e9tait un professeur d&rsquo;EPS et champion de France du 110 m\u00e8tres-haies senior en 1941. Fiche technique du complexe et R\u00e8glement Int\u00e9rieur Le gymnase Comp\u00e9tition La Halle des sports Le mur d&rsquo;escalade ESCOFFIER La salle de Combat La salle de Danse Les salles de Cours La salle de Gymnastique sp\u00e9cialis\u00e9e La salle de [&hellip;]<\/p>\n","protected":false},"author":65,"featured_media":0,"parent":23,"menu_order":0,"comment_status":"closed","ping_status":"open","template":"","meta":[],"_links":{"self":[{"href":"http:\/\/siuaps.univ-lyon1.fr\/index.php?rest_route=\/wp\/v2\/pages\/28"}],"collection":[{"href":"http:\/\/siuaps.univ-lyon1.fr\/index.php?rest_route=\/wp\/v2\/pages"}],"about":[{"href":"http:\/\/siuaps.univ-lyon1.fr\/index.php?rest_route=\/wp\/v2\/types\/page"}],"author":[{"embeddable":true,"href":"http:\/\/siuaps.univ-lyon1.fr\/index.php?rest_route=\/wp\/v2\/users\/65"}],"replies":[{"embeddable":true,"href":"http:\/\/siuaps.univ-lyon1.fr\/index.php?rest_route=%2Fwp%2Fv2%2Fcomments&post=28"}],"version-history":[{"count":4,"href":"http:\/\/siuaps.univ-lyon1.fr\/index.php?rest_route=\/wp\/v2\/pages\/28\/revisions"}],"predecessor-version":[{"id":2273,"href":"http:\/\/siuaps.univ-lyon1.fr\/index.php?rest_route=\/wp\/v2\/pages\/28\/revisions\/2273"}],"up":[{"embeddable":true,"href":"http:\/\/siuaps.univ-lyon1.fr\/index.php?rest_route=\/wp\/v2\/pages\/23"}],"wp:attachment":[{"href":"http:\/\/siuaps.univ-lyon1.fr\/index.php?rest_route=%2Fwp%2Fv2%2Fmedia&parent=28"}],"curies":[{"name":"wp","href":"https:\/\/api.w.org\/{rel}","templated":true}]}}