{"id":286,"date":"2014-09-10T09:14:49","date_gmt":"2014-09-10T07:14:49","guid":{"rendered":"http:\/\/campus.univ-lyon1.fr\/siuaps\/?page_id=286"},"modified":"2024-05-28T15:11:53","modified_gmt":"2024-05-28T14:11:53","slug":"terrains-exterieurs","status":"publish","type":"page","link":"http:\/\/siuaps.univ-lyon1.fr\/?page_id=286","title":{"rendered":"Terrains ext\u00e9rieurs et r\u00e8glement int\u00e9rieur"},"content":{"rendered":"<h3 style=\"text-align: center\"><a href=\"http:\/\/siuaps.univ-lyon1.fr\/files\/2020\/01\/RIU-Ext\u00e9rieurs-STAPS.pdf\">R\u00e8glement Int\u00e9rieur d&rsquo;Utilisation Ext\u00e9rieurs Stade Jacques SAPIN<\/a>\u00a0(en attente d&rsquo;approbation pour l&rsquo;ann\u00e9e universitaire 2019\/2020)<\/h3>\n<h3><a href=\"http:\/\/siuaps.univ-lyon1.fr\/?page_id=603\">Athl\u00e9tisme Pierre DE COUBERTIN<\/a><\/h3>\n<h3><a href=\"http:\/\/siuaps.univ-lyon1.fr\/?page_id=597\">Football Pierre DE COUBERTIN<\/a><\/h3>\n<h3><a href=\"http:\/\/siuaps.univ-lyon1.fr\/?page_id=601\"><span style=\"font-family: merienda, sans-serif;font-size: 20px;font-style: normal;font-weight: normal\">Rugby Pierre DE COUBERTIN<\/span><\/a><\/h3>\n<h3><a href=\"http:\/\/siuaps.univ-lyon1.fr\/?page_id=616\"><span style=\"font-family: merienda, sans-serif;font-size: 20px;font-style: normal;font-weight: normal\">Tennis SAPIN<\/span><\/a><\/h3>\n<h3 style=\"text-align: center\">Terrain ext\u00e9rieur Colette BESSON<\/h3>\n<h3><a href=\"http:\/\/siuaps.univ-lyon1.fr\/?page_id=622\">Tennis BESSON<\/a><\/h3>\n<h3 style=\"text-align: center\"><a href=\"http:\/\/siuaps.univ-lyon1.fr\/files\/2020\/01\/RIU-Ext\u00e9rieurs-INSA.pdf\">R\u00e8glement int\u00e9rieur d&rsquo;Utilisation Ext\u00e9rieurs INSA<\/a> (en attente d&rsquo;approbation pour l&rsquo;ann\u00e9e universitaire 2019\/2020)<\/h3>\n<h3><a href=\"http:\/\/siuaps.univ-lyon1.fr\/?page_id=605\">Football OSTERMEYER<\/a><\/h3>\n<h3><a style=\"font-family: merienda, sans-serif;font-size: 20px;font-style: normal;font-weight: normal\" href=\"http:\/\/siuaps.univ-lyon1.fr\/?page_id=611\">Athl\u00e9tisme OSTERMEYER<\/a><\/h3>\n<h3><a href=\"http:\/\/siuaps.univ-lyon1.fr\/?page_id=609\">Rugby Robert CHAPUIS<\/a><\/h3>\n<h3><a href=\"http:\/\/siuaps.univ-lyon1.fr\/?page_id=618\">Tennis Piscine<\/a><\/h3>\n<h3 style=\"text-align: center\"><a href=\"http:\/\/siuaps.univ-lyon1.fr\/files\/2020\/01\/RIU-Ext\u00e9rieurs-INSA-B.pdf\">R\u00e8glement Int\u00e9rieur d&rsquo;Utilisation Ext\u00e9rieurs B Alain GILLES<\/a> (en attente d&rsquo;approbation pour l&rsquo;ann\u00e9e universitaire 2019\/2020)<\/h3>\n<h3><a style=\"font-family: merienda, sans-serif;font-size: 20px;font-style: normal;font-weight: normal\" href=\"http:\/\/siuaps.univ-lyon1.fr\/?page_id=624\" data-wplink-edit=\"true\">Beach-Volley<\/a><\/h3>\n","protected":false},"excerpt":{"rendered":"<p>R\u00e8glement Int\u00e9rieur d&rsquo;Utilisation Ext\u00e9rieurs Stade Jacques SAPIN\u00a0(en attente d&rsquo;approbation pour l&rsquo;ann\u00e9e universitaire 2019\/2020) Athl\u00e9tisme Pierre DE COUBERTIN Football Pierre DE COUBERTIN Rugby Pierre DE COUBERTIN Tennis SAPIN Terrain ext\u00e9rieur Colette BESSON Tennis BESSON R\u00e8glement int\u00e9rieur d&rsquo;Utilisation Ext\u00e9rieurs INSA (en attente d&rsquo;approbation pour l&rsquo;ann\u00e9e universitaire 2019\/2020) Football OSTERMEYER Athl\u00e9tisme OSTERMEYER Rugby Robert CHAPUIS Tennis Piscine R\u00e8glement [&hellip;]<\/p>\n","protected":false},"author":65,"featured_media":0,"parent":23,"menu_order":0,"comment_status":"closed","ping_status":"closed","template":"","meta":[],"_links":{"self":[{"href":"http:\/\/siuaps.univ-lyon1.fr\/index.php?rest_route=\/wp\/v2\/pages\/286"}],"collection":[{"href":"http:\/\/siuaps.univ-lyon1.fr\/index.php?rest_route=\/wp\/v2\/pages"}],"about":[{"href":"http:\/\/siuaps.univ-lyon1.fr\/index.php?rest_route=\/wp\/v2\/types\/page"}],"author":[{"embeddable":true,"href":"http:\/\/siuaps.univ-lyon1.fr\/index.php?rest_route=\/wp\/v2\/users\/65"}],"replies":[{"embeddable":true,"href":"http:\/\/siuaps.univ-lyon1.fr\/index.php?rest_route=%2Fwp%2Fv2%2Fcomments&post=286"}],"version-history":[{"count":2,"href":"http:\/\/siuaps.univ-lyon1.fr\/index.php?rest_route=\/wp\/v2\/pages\/286\/revisions"}],"predecessor-version":[{"id":2281,"href":"http:\/\/siuaps.univ-lyon1.fr\/index.php?rest_route=\/wp\/v2\/pages\/286\/revisions\/2281"}],"up":[{"embeddable":true,"href":"http:\/\/siuaps.univ-lyon1.fr\/index.php?rest_route=\/wp\/v2\/pages\/23"}],"wp:attachment":[{"href":"http:\/\/siuaps.univ-lyon1.fr\/index.php?rest_route=%2Fwp%2Fv2%2Fmedia&parent=286"}],"curies":[{"name":"wp","href":"https:\/\/api.w.org\/{rel}","templated":true}]}}