{"id":49,"date":"2013-03-29T21:42:48","date_gmt":"2013-03-29T20:42:48","guid":{"rendered":"http:\/\/campus.univ-lyon1.fr\/siuaps\/?page_id=49"},"modified":"2018-05-22T11:41:36","modified_gmt":"2018-05-22T09:41:36","slug":"salle-de-musculation-de-lufrstaps","status":"publish","type":"page","link":"http:\/\/siuaps.univ-lyon1.fr\/?page_id=49","title":{"rendered":"Salle de musculation de l&rsquo;UFRSTAPS"},"content":{"rendered":"<p>La salle de Musculation est de\u00a0<span style=\"font-family: Arial, Helvetica, sans-serif;font-size: 13px;font-style: normal;font-weight: 400\">13 x 14 m = 188 m\u00b2.\u00a0<a href=\"http:\/\/siuaps.univ-lyon1.fr\/files\/2018\/05\/Muscu-STAPS-2.jpg\"><img decoding=\"async\" loading=\"lazy\" class=\" wp-image-1710 alignright\" src=\"http:\/\/siuaps.univ-lyon1.fr\/files\/2018\/05\/Muscu-STAPS-2-300x169.jpg\" alt=\"\" width=\"453\" height=\"255\" srcset=\"http:\/\/siuaps.univ-lyon1.fr\/files\/2018\/05\/Muscu-STAPS-2-300x169.jpg 300w, http:\/\/siuaps.univ-lyon1.fr\/files\/2018\/05\/Muscu-STAPS-2-768x432.jpg 768w, http:\/\/siuaps.univ-lyon1.fr\/files\/2018\/05\/Muscu-STAPS-2-1024x576.jpg 1024w\" sizes=\"(max-width: 453px) 100vw, 453px\" \/><\/a><a href=\"http:\/\/siuaps.univ-lyon1.fr\/files\/2018\/05\/Muscu-STAPS-1.jpg\"><img decoding=\"async\" loading=\"lazy\" class=\" wp-image-1709 alignright\" src=\"http:\/\/siuaps.univ-lyon1.fr\/files\/2018\/05\/Muscu-STAPS-1-300x169.jpg\" alt=\"\" width=\"453\" height=\"255\" srcset=\"http:\/\/siuaps.univ-lyon1.fr\/files\/2018\/05\/Muscu-STAPS-1-300x169.jpg 300w, http:\/\/siuaps.univ-lyon1.fr\/files\/2018\/05\/Muscu-STAPS-1-768x432.jpg 768w, http:\/\/siuaps.univ-lyon1.fr\/files\/2018\/05\/Muscu-STAPS-1-1024x576.jpg 1024w\" sizes=\"(max-width: 453px) 100vw, 453px\" \/><\/a><\/span><\/p>\n<p><span style=\"font-family: Arial, Helvetica, sans-serif;font-size: 13px;font-style: normal;font-weight: 400\">Elle \u00e9quip\u00e9e de plusieurs machines pr\u00e9vues \u00e0 ces exercices.\u00a0<\/span><\/p>\n","protected":false},"excerpt":{"rendered":"<p>La salle de Musculation est de\u00a013 x 14 m = 188 m\u00b2.\u00a0 Elle \u00e9quip\u00e9e de plusieurs machines pr\u00e9vues \u00e0 ces exercices.\u00a0<\/p>\n","protected":false},"author":65,"featured_media":0,"parent":28,"menu_order":0,"comment_status":"closed","ping_status":"open","template":"","meta":[],"_links":{"self":[{"href":"http:\/\/siuaps.univ-lyon1.fr\/index.php?rest_route=\/wp\/v2\/pages\/49"}],"collection":[{"href":"http:\/\/siuaps.univ-lyon1.fr\/index.php?rest_route=\/wp\/v2\/pages"}],"about":[{"href":"http:\/\/siuaps.univ-lyon1.fr\/index.php?rest_route=\/wp\/v2\/types\/page"}],"author":[{"embeddable":true,"href":"http:\/\/siuaps.univ-lyon1.fr\/index.php?rest_route=\/wp\/v2\/users\/65"}],"replies":[{"embeddable":true,"href":"http:\/\/siuaps.univ-lyon1.fr\/index.php?rest_route=%2Fwp%2Fv2%2Fcomments&post=49"}],"version-history":[{"count":0,"href":"http:\/\/siuaps.univ-lyon1.fr\/index.php?rest_route=\/wp\/v2\/pages\/49\/revisions"}],"up":[{"embeddable":true,"href":"http:\/\/siuaps.univ-lyon1.fr\/index.php?rest_route=\/wp\/v2\/pages\/28"}],"wp:attachment":[{"href":"http:\/\/siuaps.univ-lyon1.fr\/index.php?rest_route=%2Fwp%2Fv2%2Fmedia&parent=49"}],"curies":[{"name":"wp","href":"https:\/\/api.w.org\/{rel}","templated":true}]}}