{"id":537,"date":"2014-09-16T12:08:31","date_gmt":"2014-09-16T10:08:31","guid":{"rendered":"http:\/\/campus.univ-lyon1.fr\/siuaps\/?page_id=537"},"modified":"2024-05-28T13:44:37","modified_gmt":"2024-05-28T12:44:37","slug":"bienvenue","status":"publish","type":"page","link":"http:\/\/siuaps.univ-lyon1.fr\/","title":{"rendered":""},"content":{"rendered":"<form role=\"search\" method=\"get\" action=\"http:\/\/siuaps.univ-lyon1.fr\/\" class=\"wp-block-search__button-outside wp-block-search__text-button wp-block-search\"><label for=\"wp-block-search__input-1\" class=\"wp-block-search__label\" >Rechercher<\/label><div class=\"wp-block-search__inside-wrapper \" ><input type=\"search\" id=\"wp-block-search__input-1\" class=\"wp-block-search__input\" name=\"s\" value=\"\" placeholder=\"\"  required \/><button type=\"submit\" class=\"wp-block-search__button wp-element-button\"  >Rechercher<\/button><\/div><\/form>\n\n<h1 style=\"text-align: center\">Bienvenue !!<\/h1>\n<h4 style=\"text-align: center\">Le SIUAPS de Lyon est le service gestionnaire des installations sportives pour les universit\u00e9s Lyon 1, Lyon 2, Lyon 3 et l\u2019INSA de Lyon.<\/h4>\n<h4 style=\"text-align: center\">Que ce soit sur Lyon ou Villeurbanne, le SIUAPS veille \u00e0 une bonne coordination pour respecter les attentes des diff\u00e9rentes universit\u00e9s et instituts. Cependant, de tr\u00e8s nombreuses associations, clubs et autres organisations peuvent occuper p\u00e9riodiquement ou ponctuellement les installations.<\/h4>\n<h4 style=\"text-align: center\">En esp\u00e9rant vous voir prochainement sur nos terrains<\/h4>\n<h4 style=\"text-align: center\">La Direction du SIUAPS<\/h4>","protected":false},"excerpt":{"rendered":"<p>Bienvenue !! Le SIUAPS de Lyon est le service gestionnaire des installations sportives pour les universit\u00e9s Lyon 1, Lyon 2, Lyon 3 et l\u2019INSA de Lyon. Que ce soit sur Lyon ou Villeurbanne, le SIUAPS veille \u00e0 une bonne coordination pour respecter les attentes des diff\u00e9rentes universit\u00e9s et instituts. Cependant, de tr\u00e8s nombreuses associations, clubs [&hellip;]<\/p>\n","protected":false},"author":65,"featured_media":1756,"parent":759,"menu_order":0,"comment_status":"closed","ping_status":"closed","template":"","meta":[],"_links":{"self":[{"href":"http:\/\/siuaps.univ-lyon1.fr\/index.php?rest_route=\/wp\/v2\/pages\/537"}],"collection":[{"href":"http:\/\/siuaps.univ-lyon1.fr\/index.php?rest_route=\/wp\/v2\/pages"}],"about":[{"href":"http:\/\/siuaps.univ-lyon1.fr\/index.php?rest_route=\/wp\/v2\/types\/page"}],"author":[{"embeddable":true,"href":"http:\/\/siuaps.univ-lyon1.fr\/index.php?rest_route=\/wp\/v2\/users\/65"}],"replies":[{"embeddable":true,"href":"http:\/\/siuaps.univ-lyon1.fr\/index.php?rest_route=%2Fwp%2Fv2%2Fcomments&post=537"}],"version-history":[{"count":1,"href":"http:\/\/siuaps.univ-lyon1.fr\/index.php?rest_route=\/wp\/v2\/pages\/537\/revisions"}],"predecessor-version":[{"id":2229,"href":"http:\/\/siuaps.univ-lyon1.fr\/index.php?rest_route=\/wp\/v2\/pages\/537\/revisions\/2229"}],"up":[{"embeddable":true,"href":"http:\/\/siuaps.univ-lyon1.fr\/index.php?rest_route=\/wp\/v2\/pages\/759"}],"wp:featuredmedia":[{"embeddable":true,"href":"http:\/\/siuaps.univ-lyon1.fr\/index.php?rest_route=\/wp\/v2\/media\/1756"}],"wp:attachment":[{"href":"http:\/\/siuaps.univ-lyon1.fr\/index.php?rest_route=%2Fwp%2Fv2%2Fmedia&parent=537"}],"curies":[{"name":"wp","href":"https:\/\/api.w.org\/{rel}","templated":true}]}}