{"id":603,"date":"2014-09-17T10:26:46","date_gmt":"2014-09-17T09:26:46","guid":{"rendered":"http:\/\/campus.univ-lyon1.fr\/siuaps\/?page_id=603"},"modified":"2018-05-24T09:28:12","modified_gmt":"2018-05-24T07:28:12","slug":"athletisme-ufrstaps","status":"publish","type":"page","link":"http:\/\/siuaps.univ-lyon1.fr\/?page_id=603","title":{"rendered":"Athl\u00e9tisme UFRSTAPS"},"content":{"rendered":"<p>La piste d&rsquo;athl\u00e9tisme de l&rsquo;UFRSTAPS est la deuxi\u00e8me piste du campus avec ses 250 m.<\/p>\n<p><a href=\"http:\/\/siuaps.univ-lyon1.fr\/files\/2018\/05\/campus-doua-Athl\u00e9-STAPS.jpg\"><img decoding=\"async\" loading=\"lazy\" class=\"alignnone wp-image-1600\" src=\"http:\/\/siuaps.univ-lyon1.fr\/files\/2018\/05\/campus-doua-Athl\u00e9-STAPS-300x140.jpg\" alt=\"\" width=\"506\" height=\"236\" srcset=\"http:\/\/siuaps.univ-lyon1.fr\/files\/2018\/05\/campus-doua-Athl\u00e9-STAPS-300x140.jpg 300w, http:\/\/siuaps.univ-lyon1.fr\/files\/2018\/05\/campus-doua-Athl\u00e9-STAPS-768x359.jpg 768w, http:\/\/siuaps.univ-lyon1.fr\/files\/2018\/05\/campus-doua-Athl\u00e9-STAPS-1024x479.jpg 1024w\" sizes=\"(max-width: 506px) 100vw, 506px\" \/><\/a><a href=\"http:\/\/siuaps.univ-lyon1.fr\/files\/2018\/05\/YUN00073.jpg\"><img decoding=\"async\" loading=\"lazy\" class=\"alignnone wp-image-1747\" src=\"http:\/\/siuaps.univ-lyon1.fr\/files\/2018\/05\/YUN00073-300x225.jpg\" alt=\"\" width=\"495\" height=\"371\" srcset=\"http:\/\/siuaps.univ-lyon1.fr\/files\/2018\/05\/YUN00073-300x225.jpg 300w, http:\/\/siuaps.univ-lyon1.fr\/files\/2018\/05\/YUN00073-768x576.jpg 768w, http:\/\/siuaps.univ-lyon1.fr\/files\/2018\/05\/YUN00073-1024x768.jpg 1024w\" sizes=\"(max-width: 495px) 100vw, 495px\" \/><\/a><\/p>\n","protected":false},"excerpt":{"rendered":"<p>La piste d&rsquo;athl\u00e9tisme de l&rsquo;UFRSTAPS est la deuxi\u00e8me piste du campus avec ses 250 m.<\/p>\n","protected":false},"author":65,"featured_media":0,"parent":286,"menu_order":0,"comment_status":"closed","ping_status":"open","template":"","meta":[],"_links":{"self":[{"href":"http:\/\/siuaps.univ-lyon1.fr\/index.php?rest_route=\/wp\/v2\/pages\/603"}],"collection":[{"href":"http:\/\/siuaps.univ-lyon1.fr\/index.php?rest_route=\/wp\/v2\/pages"}],"about":[{"href":"http:\/\/siuaps.univ-lyon1.fr\/index.php?rest_route=\/wp\/v2\/types\/page"}],"author":[{"embeddable":true,"href":"http:\/\/siuaps.univ-lyon1.fr\/index.php?rest_route=\/wp\/v2\/users\/65"}],"replies":[{"embeddable":true,"href":"http:\/\/siuaps.univ-lyon1.fr\/index.php?rest_route=%2Fwp%2Fv2%2Fcomments&post=603"}],"version-history":[{"count":0,"href":"http:\/\/siuaps.univ-lyon1.fr\/index.php?rest_route=\/wp\/v2\/pages\/603\/revisions"}],"up":[{"embeddable":true,"href":"http:\/\/siuaps.univ-lyon1.fr\/index.php?rest_route=\/wp\/v2\/pages\/286"}],"wp:attachment":[{"href":"http:\/\/siuaps.univ-lyon1.fr\/index.php?rest_route=%2Fwp%2Fv2%2Fmedia&parent=603"}],"curies":[{"name":"wp","href":"https:\/\/api.w.org\/{rel}","templated":true}]}}