{"id":636,"date":"2014-09-22T10:42:08","date_gmt":"2014-09-22T08:42:08","guid":{"rendered":"http:\/\/campus.univ-lyon1.fr\/siuaps\/?page_id=636"},"modified":"2020-01-07T10:11:22","modified_gmt":"2020-01-07T09:11:22","slug":"fiche-technique-leon-jouhaux","status":"publish","type":"page","link":"http:\/\/siuaps.univ-lyon1.fr\/?page_id=636","title":{"rendered":"Fiche technique et r\u00e8glement int\u00e9rieur"},"content":{"rendered":"<h3 style=\"text-align: center\">R\u00e8glement Int\u00e9rieur d&rsquo;Utilisation : <a href=\"http:\/\/siuaps.univ-lyon1.fr\/files\/2020\/01\/RIU-LEON-JOUHAUX.pdf\">RIU LEON JOUHAUX <\/a>(en attente d&rsquo;approbation pour l&rsquo;ann\u00e9e universitaire 2019\/2020)<\/h3>\n<p><strong>Adresse\u00a0:<\/strong> 38, rue L\u00e9on Jouhaux<\/p>\n<p>69003 \u2013 LYON<\/p>\n<p><strong>Surfaces\u00a0b\u00e2ties\u00a0:<\/strong>\u00a0SHON\u00a0:\u00a0 \u00a02 983 m\u00b2<\/p>\n<p><strong>Classement du b\u00e2timent\u00a0:<\/strong>\u00a0 \u00a0 X\/W \/ 3\u00b0 cat\u00e9gorie<\/p>\n<p>Effectif\u00a0:\u00a0\u00a0\u00a0\u00a0\u00a0\u00a0\u00a0\u00a0\u00a0\u00a0\u00a0\u00a0\u00a0\u00a0 502 personnes<\/p>\n<p><strong>Salles sportives\u00a0:<\/strong><\/p>\n<ul>\n<li>Gymnase C (36 x 22) avec gradins (rez de chauss\u00e9e)\u00a0: 4 vestiaires\u00a0; 4 blocs douches\u00a0; 5 WC\u00a0; 1WC handicap\u00e9s<\/li>\n<li>Gymnase C (36 x 24) sans gradins (2\u00b0 \u00e9tage)\u00a0: 2 vestiaires\u00a0; 2 blocs douches\u00a0; 3 sanitaires<\/li>\n<\/ul>\n<p><strong>Autres locaux\u00a0:<\/strong><\/p>\n<ul>\n<li>Locaux techniques\u00a0: 1 local sous station chauffage b\u00e2timent et \u00e9changeur ECS<\/li>\n<li>1 local rangement mat\u00e9riel J&amp;S<\/li>\n<li>1 local rangement mat\u00e9riel entretien<\/li>\n<\/ul>\n","protected":false},"excerpt":{"rendered":"<p>R\u00e8glement Int\u00e9rieur d&rsquo;Utilisation : RIU LEON JOUHAUX (en attente d&rsquo;approbation pour l&rsquo;ann\u00e9e universitaire 2019\/2020) Adresse\u00a0: 38, rue L\u00e9on Jouhaux 69003 \u2013 LYON Surfaces\u00a0b\u00e2ties\u00a0:\u00a0SHON\u00a0:\u00a0 \u00a02 983 m\u00b2 Classement du b\u00e2timent\u00a0:\u00a0 \u00a0 X\/W \/ 3\u00b0 cat\u00e9gorie Effectif\u00a0:\u00a0\u00a0\u00a0\u00a0\u00a0\u00a0\u00a0\u00a0\u00a0\u00a0\u00a0\u00a0\u00a0\u00a0 502 personnes Salles sportives\u00a0: Gymnase C (36 x 22) avec gradins (rez de chauss\u00e9e)\u00a0: 4 vestiaires\u00a0; 4 blocs douches\u00a0; 5 [&hellip;]<\/p>\n","protected":false},"author":65,"featured_media":0,"parent":138,"menu_order":0,"comment_status":"closed","ping_status":"closed","template":"","meta":[],"_links":{"self":[{"href":"http:\/\/siuaps.univ-lyon1.fr\/index.php?rest_route=\/wp\/v2\/pages\/636"}],"collection":[{"href":"http:\/\/siuaps.univ-lyon1.fr\/index.php?rest_route=\/wp\/v2\/pages"}],"about":[{"href":"http:\/\/siuaps.univ-lyon1.fr\/index.php?rest_route=\/wp\/v2\/types\/page"}],"author":[{"embeddable":true,"href":"http:\/\/siuaps.univ-lyon1.fr\/index.php?rest_route=\/wp\/v2\/users\/65"}],"replies":[{"embeddable":true,"href":"http:\/\/siuaps.univ-lyon1.fr\/index.php?rest_route=%2Fwp%2Fv2%2Fcomments&post=636"}],"version-history":[{"count":0,"href":"http:\/\/siuaps.univ-lyon1.fr\/index.php?rest_route=\/wp\/v2\/pages\/636\/revisions"}],"up":[{"embeddable":true,"href":"http:\/\/siuaps.univ-lyon1.fr\/index.php?rest_route=\/wp\/v2\/pages\/138"}],"wp:attachment":[{"href":"http:\/\/siuaps.univ-lyon1.fr\/index.php?rest_route=%2Fwp%2Fv2%2Fmedia&parent=636"}],"curies":[{"name":"wp","href":"https:\/\/api.w.org\/{rel}","templated":true}]}}