{"id":638,"date":"2014-09-22T10:47:00","date_gmt":"2014-09-22T09:47:00","guid":{"rendered":"http:\/\/campus.univ-lyon1.fr\/siuaps\/?page_id=638"},"modified":"2020-01-07T09:27:46","modified_gmt":"2020-01-07T08:27:46","slug":"fiche-technique","status":"publish","type":"page","link":"http:\/\/siuaps.univ-lyon1.fr\/?page_id=638","title":{"rendered":"Fiche technique et r\u00e8glement int\u00e9rieur"},"content":{"rendered":"<h3 style=\"text-align: center\"><a href=\"http:\/\/siuaps.univ-lyon1.fr\/files\/2020\/01\/RIU-BESSON.pdf\">R\u00e8glement Int\u00e9rieur d&rsquo;Utilisation<\/a> (en attente d&rsquo;approbation pour l&rsquo;ann\u00e9e universitaire 2019\/2020)<\/h3>\n<p><strong>Adresse\u00a0:<\/strong> 52, boulevard Niels Bohr \u2013 Domaine Scientifique de La Doua<\/p>\n<p>69621 \u2013 VILLEURBANNE CEDEX<\/p>\n<p><strong>Classement du b\u00e2timent\u00a0:<\/strong>\u00a0 \u00a0 \u00a0X \/ 3\u00b0 cat\u00e9gorie<\/p>\n<ul>\n<li>Effectif\u00a0:\u00a0\u00a0\u00a0\u00a0\u00a0\u00a0\u00a0\u00a0\u00a0\u00a0\u00a0\u00a0\u00a0\u00a0 661 personnes<\/li>\n<\/ul>\n<p><strong>Salles sportives\u00a0:<\/strong><\/p>\n<ul>\n<li>Halle des sports (46 x 34 m)<\/li>\n<li>Salle Musculation n\u00b01\u00a0: (10 x 20 m)<\/li>\n<li>Salle Musculation n\u00b02\u00a0: (10 x 20 m)<\/li>\n<li>Salle de Danse n\u00b01 \/ Fitness\u00a0: (20 x 11,5 m) \u2013 6,25m hauteur<\/li>\n<li>Salle Danse n\u00b02 \/ Tir \u00e0 l\u2019arc \/ Escrime (20 x 11,5 m) \u2013 6,25m hauteur<\/li>\n<\/ul>\n<p><strong>Autres locaux\u00a0:<\/strong><\/p>\n<ul>\n<li>Bureaux 1 secr\u00e9tariat<\/li>\n<li>Enseignement 1 salle de cours (76m\u00b2)<\/li>\n<li>Vestiaires\u00a0: 2 vestiaires\u00a0; 2 blocs douches\u00a0; 4 WC<\/li>\n<li>4 vestiaires\u00a0; 4 blocs douches\u00a0; 2 blocs de 3 WC dont 2 PMR<\/li>\n<li>1 vestiaire profs\u00a0; 1 douche\u00a0; 1 WC<\/li>\n<li>Locaux techniques\u00a0: 1 local sous station chauffage + 1 local armoire \u00e9lectrique<\/li>\n<li>3 locaux rangement mat\u00e9riel<\/li>\n<li>2 locaux sono danse<\/li>\n<li>1 local rangement tir \u00e0 l\u2019arc<\/li>\n<li>1 local entretien<\/li>\n<\/ul>\n","protected":false},"excerpt":{"rendered":"<p>R\u00e8glement Int\u00e9rieur d&rsquo;Utilisation (en attente d&rsquo;approbation pour l&rsquo;ann\u00e9e universitaire 2019\/2020) Adresse\u00a0: 52, boulevard Niels Bohr \u2013 Domaine Scientifique de La Doua 69621 \u2013 VILLEURBANNE CEDEX Classement du b\u00e2timent\u00a0:\u00a0 \u00a0 \u00a0X \/ 3\u00b0 cat\u00e9gorie Effectif\u00a0:\u00a0\u00a0\u00a0\u00a0\u00a0\u00a0\u00a0\u00a0\u00a0\u00a0\u00a0\u00a0\u00a0\u00a0 661 personnes Salles sportives\u00a0: Halle des sports (46 x 34 m) Salle Musculation n\u00b01\u00a0: (10 x 20 m) Salle Musculation n\u00b02\u00a0: [&hellip;]<\/p>\n","protected":false},"author":65,"featured_media":0,"parent":59,"menu_order":0,"comment_status":"closed","ping_status":"open","template":"","meta":[],"_links":{"self":[{"href":"http:\/\/siuaps.univ-lyon1.fr\/index.php?rest_route=\/wp\/v2\/pages\/638"}],"collection":[{"href":"http:\/\/siuaps.univ-lyon1.fr\/index.php?rest_route=\/wp\/v2\/pages"}],"about":[{"href":"http:\/\/siuaps.univ-lyon1.fr\/index.php?rest_route=\/wp\/v2\/types\/page"}],"author":[{"embeddable":true,"href":"http:\/\/siuaps.univ-lyon1.fr\/index.php?rest_route=\/wp\/v2\/users\/65"}],"replies":[{"embeddable":true,"href":"http:\/\/siuaps.univ-lyon1.fr\/index.php?rest_route=%2Fwp%2Fv2%2Fcomments&post=638"}],"version-history":[{"count":0,"href":"http:\/\/siuaps.univ-lyon1.fr\/index.php?rest_route=\/wp\/v2\/pages\/638\/revisions"}],"up":[{"embeddable":true,"href":"http:\/\/siuaps.univ-lyon1.fr\/index.php?rest_route=\/wp\/v2\/pages\/59"}],"wp:attachment":[{"href":"http:\/\/siuaps.univ-lyon1.fr\/index.php?rest_route=%2Fwp%2Fv2%2Fmedia&parent=638"}],"curies":[{"name":"wp","href":"https:\/\/api.w.org\/{rel}","templated":true}]}}