{"id":650,"date":"2014-09-22T11:07:40","date_gmt":"2014-09-22T10:07:40","guid":{"rendered":"http:\/\/campus.univ-lyon1.fr\/siuaps\/?page_id=650"},"modified":"2020-01-07T10:14:43","modified_gmt":"2020-01-07T09:14:43","slug":"fiche-technique","status":"publish","type":"page","link":"http:\/\/siuaps.univ-lyon1.fr\/?page_id=650","title":{"rendered":"Fiche technique et r\u00e8glement int\u00e9rieur"},"content":{"rendered":"<h3 style=\"text-align: center\"><a href=\"http:\/\/siuaps.univ-lyon1.fr\/files\/2020\/01\/RIU-Sciences.pdf\">R\u00e8glement Int\u00e9rieur d&rsquo;Utilisation<\/a><\/h3>\n<h3 style=\"text-align: center\">(en attente d&rsquo;approbation pour l&rsquo;ann\u00e9e universitaire 2019\/2020)<\/h3>\n<p><strong>Adresse\u00a0:<\/strong> 23, boulevard Latarjet \u2013 Domaine Scientifique de La Doua<\/p>\n<p>69622 \u2013 VILLEURBANNE CEDEX<\/p>\n<p><strong>Surfaces\u00a0b\u00e2ties\u00a0:<\/strong>\u00a0SHON\u00a0:\u00a0 7 855 m\u00b2<\/p>\n<p><strong>Classement du b\u00e2timent\u00a0:<\/strong>\u00a0 \u00a0XW \/ 2\u00b0 cat\u00e9gorie<\/p>\n<ul>\n<li>Effectif\u00a0:\u00a0\u00a0\u00a0\u00a0\u00a0\u00a0\u00a0\u00a0\u00a0\u00a0\u00a0\u00a0\u00a0\u00a0 750 personnes<\/li>\n<\/ul>\n<p><strong>Salles sportives\u00a0:<\/strong><\/p>\n<ul>\n<li>Gymnase C (44 x 24) avec gradins\u00a0; 5 vestiaires\u00a0; 5 sanitaires\u00a0; 2 locaux mat\u00e9riel\u00a0; 1 local technique<\/li>\n<li>Gymnase B (30 x 20) avec 4 vestiaires\u00a0; 4 sanitaires\u00a0; 1 local rangement<\/li>\n<li>Salle de danse (20 x 11) avec 2 vestiaires\u00a0; 2 sanitaires\u00a0; 1 local rangement<\/li>\n<li>Salle de combat (20 x 11) avec 2 vestiaires\u00a0; 2 sanitaires\u00a0; 1 local rangement<\/li>\n<li>Studio de danse\u00a0(10 x 7)<\/li>\n<li>Salle de musculation (20 x 15) avec 2 vestiaires\u00a0; 2 sanitaires\u00a0; 1 local rangement<\/li>\n<\/ul>\n<ul>\n<li><strong>Autres locaux\u00a0:<\/strong><\/li>\n<\/ul>\n<p><strong>\u00a0<\/strong><\/p>\n<ul>\n<li>Bureaux SIUAPS<\/li>\n<li>Bureaux SUAPS LYON 1<\/li>\n<li>Salle de r\u00e9union\u00a0: 1 pi\u00e8ce au premier \u00e9tage\u00a0: 19 personnes autoris\u00e9es (67.5 m\u00b2)<\/li>\n<li>1 studio au premier \u00e9tage (20 m\u00b2)\u00a0, sanitaires et douche au rez-de-chauss\u00e9e (6m\u00b2)<\/li>\n<\/ul>\n<p>Locaux techniques\u00a0:<\/p>\n<ul>\n<li>1 TGBT (sous sol)<\/li>\n<li>1 local sous station chaufferie (sous sol)<\/li>\n<li>1 local sous station ECS (sous sol)<\/li>\n<li>1 local a\u00e9rothermes ventilation (premier \u00e9tage)<\/li>\n<\/ul>\n","protected":false},"excerpt":{"rendered":"<p>R\u00e8glement Int\u00e9rieur d&rsquo;Utilisation (en attente d&rsquo;approbation pour l&rsquo;ann\u00e9e universitaire 2019\/2020) Adresse\u00a0: 23, boulevard Latarjet \u2013 Domaine Scientifique de La Doua 69622 \u2013 VILLEURBANNE CEDEX Surfaces\u00a0b\u00e2ties\u00a0:\u00a0SHON\u00a0:\u00a0 7 855 m\u00b2 Classement du b\u00e2timent\u00a0:\u00a0 \u00a0XW \/ 2\u00b0 cat\u00e9gorie Effectif\u00a0:\u00a0\u00a0\u00a0\u00a0\u00a0\u00a0\u00a0\u00a0\u00a0\u00a0\u00a0\u00a0\u00a0\u00a0 750 personnes Salles sportives\u00a0: Gymnase C (44 x 24) avec gradins\u00a0; 5 vestiaires\u00a0; 5 sanitaires\u00a0; 2 locaux mat\u00e9riel\u00a0; 1 [&hellip;]<\/p>\n","protected":false},"author":65,"featured_media":0,"parent":99,"menu_order":0,"comment_status":"closed","ping_status":"open","template":"","meta":[],"_links":{"self":[{"href":"http:\/\/siuaps.univ-lyon1.fr\/index.php?rest_route=\/wp\/v2\/pages\/650"}],"collection":[{"href":"http:\/\/siuaps.univ-lyon1.fr\/index.php?rest_route=\/wp\/v2\/pages"}],"about":[{"href":"http:\/\/siuaps.univ-lyon1.fr\/index.php?rest_route=\/wp\/v2\/types\/page"}],"author":[{"embeddable":true,"href":"http:\/\/siuaps.univ-lyon1.fr\/index.php?rest_route=\/wp\/v2\/users\/65"}],"replies":[{"embeddable":true,"href":"http:\/\/siuaps.univ-lyon1.fr\/index.php?rest_route=%2Fwp%2Fv2%2Fcomments&post=650"}],"version-history":[{"count":0,"href":"http:\/\/siuaps.univ-lyon1.fr\/index.php?rest_route=\/wp\/v2\/pages\/650\/revisions"}],"up":[{"embeddable":true,"href":"http:\/\/siuaps.univ-lyon1.fr\/index.php?rest_route=\/wp\/v2\/pages\/99"}],"wp:attachment":[{"href":"http:\/\/siuaps.univ-lyon1.fr\/index.php?rest_route=%2Fwp%2Fv2%2Fmedia&parent=650"}],"curies":[{"name":"wp","href":"https:\/\/api.w.org\/{rel}","templated":true}]}}