{"id":706,"date":"2014-09-23T14:33:40","date_gmt":"2014-09-23T13:33:40","guid":{"rendered":"http:\/\/campus.univ-lyon1.fr\/siuaps\/?page_id=706"},"modified":"2024-05-28T14:50:49","modified_gmt":"2024-05-28T13:50:49","slug":"tennis-de-table","status":"publish","type":"page","link":"http:\/\/siuaps.univ-lyon1.fr\/?page_id=706","title":{"rendered":"Tennis de table"},"content":{"rendered":"<p>Le t<span style=\"font-family: Arial, Helvetica, sans-serif;font-size: 13px;font-style: normal;font-weight: 400\">ennis de table<\/span>, ou \u00ab\u00a0ping-pong\u00a0\u00bb, est un\u00a0sport de raquette\u00a0opposant deux ou quatre joueurs autour d&rsquo;une table.<\/p>\n<h1><a href=\"http:\/\/siuaps.univ-lyon1.fr\/files\/2018\/06\/Tennis-de-table.png\"><img decoding=\"async\" loading=\"lazy\" class=\" wp-image-2129 alignright\" src=\"http:\/\/siuaps.univ-lyon1.fr\/files\/2018\/06\/Tennis-de-table-300x141.png\" alt=\"\" width=\"364\" height=\"171\" srcset=\"http:\/\/siuaps.univ-lyon1.fr\/files\/2018\/06\/Tennis-de-table-300x141.png 300w, http:\/\/siuaps.univ-lyon1.fr\/files\/2018\/06\/Tennis-de-table.png 328w\" sizes=\"(max-width: 364px) 100vw, 364px\" \/><\/a><\/h1>\n<h1>O\u00f9 trouver cette activit\u00e9 ?<\/h1>\n<h5><span style=\"color: #99ccff\">Au P\u00f4le sportif Robert VANEL\u00a0<\/span><\/h5>\n<ul>\n<li><a href=\"http:\/\/siuaps.univ-lyon1.fr\/?page_id=122\">Salle Omnisports 211<\/a><\/li>\n<\/ul>\n<h5><span style=\"color: #99ccff\">Au Complexe sportif L\u00e9on Jouhaux\u00a0<\/span><\/h5>\n<ul>\n<li><a href=\"http:\/\/siuaps.univ-lyon1.fr\/?page_id=142\">Gymnase L\u00e9on Jouhaux Haut<\/a><\/li>\n<\/ul>\n","protected":false},"excerpt":{"rendered":"<p>Le tennis de table, ou \u00ab\u00a0ping-pong\u00a0\u00bb, est un\u00a0sport de raquette\u00a0opposant deux ou quatre joueurs autour d&rsquo;une table. O\u00f9 trouver cette activit\u00e9 ? Au P\u00f4le sportif Robert VANEL\u00a0 Salle Omnisports 211 Au Complexe sportif L\u00e9on Jouhaux\u00a0 Gymnase L\u00e9on Jouhaux Haut<\/p>\n","protected":false},"author":65,"featured_media":0,"parent":759,"menu_order":0,"comment_status":"closed","ping_status":"open","template":"","meta":[],"_links":{"self":[{"href":"http:\/\/siuaps.univ-lyon1.fr\/index.php?rest_route=\/wp\/v2\/pages\/706"}],"collection":[{"href":"http:\/\/siuaps.univ-lyon1.fr\/index.php?rest_route=\/wp\/v2\/pages"}],"about":[{"href":"http:\/\/siuaps.univ-lyon1.fr\/index.php?rest_route=\/wp\/v2\/types\/page"}],"author":[{"embeddable":true,"href":"http:\/\/siuaps.univ-lyon1.fr\/index.php?rest_route=\/wp\/v2\/users\/65"}],"replies":[{"embeddable":true,"href":"http:\/\/siuaps.univ-lyon1.fr\/index.php?rest_route=%2Fwp%2Fv2%2Fcomments&post=706"}],"version-history":[{"count":1,"href":"http:\/\/siuaps.univ-lyon1.fr\/index.php?rest_route=\/wp\/v2\/pages\/706\/revisions"}],"predecessor-version":[{"id":2265,"href":"http:\/\/siuaps.univ-lyon1.fr\/index.php?rest_route=\/wp\/v2\/pages\/706\/revisions\/2265"}],"up":[{"embeddable":true,"href":"http:\/\/siuaps.univ-lyon1.fr\/index.php?rest_route=\/wp\/v2\/pages\/759"}],"wp:attachment":[{"href":"http:\/\/siuaps.univ-lyon1.fr\/index.php?rest_route=%2Fwp%2Fv2%2Fmedia&parent=706"}],"curies":[{"name":"wp","href":"https:\/\/api.w.org\/{rel}","templated":true}]}}